{"id":12223,"date":"2018-12-27T17:40:07","date_gmt":"2018-12-27T17:40:07","guid":{"rendered":"https:\/\/czechrailwaytickets.com\/?page_id=12223"},"modified":"2019-02-23T20:58:54","modified_gmt":"2019-02-23T20:58:54","slug":"station-details","status":"publish","type":"page","link":"https:\/\/czechrailwaytickets.com\/index.php\/station-details\/","title":{"rendered":"Station Details"},"content":{"rendered":"\n<p>Find details of our most popular stations by clicking on the links below:<\/p>\n\n\n\n<p><a href=\"https:\/\/czechrailwaytickets.com\/index.php\/amsterdam-centraal\/\">Amsterdam<\/a><\/p>\n\n\n\n<p><a href=\"https:\/\/czechrailwaytickets.com\/index.php\/berlin-hbf-station\/\">Berlin<\/a><\/p>\n\n\n\n<p><a href=\"https:\/\/czechrailwaytickets.com\/index.php\/bratislava-hl-n\/\">Bratislava<\/a><\/p>\n\n\n\n<p><a href=\"https:\/\/czechrailwaytickets.com\/index.php\/brno-stations\/\">Brno<\/a><\/p>\n\n\n\n<p><a href=\"https:\/\/czechrailwaytickets.com\/index.php\/budapest-stations\/\">Budapest<\/a><\/p>\n\n\n\n<p><a href=\"https:\/\/czechrailwaytickets.com\/index.php\/cesky-krumlov-2\/\">\u010cesk\u00fd Krumlov<\/a><\/p>\n\n\n\n<p><a href=\"https:\/\/czechrailwaytickets.com\/index.php\/dresden-hbf-station\/\">Dresden<\/a><\/p>\n\n\n\n<p><a href=\"https:\/\/czechrailwaytickets.com\/index.php\/frankfurt-main\/\">Frankfurt(Main)<\/a><\/p>\n\n\n\n<p><a href=\"https:\/\/czechrailwaytickets.com\/index.php\/karlovy-vary-2\/\">Karlovy Vary<\/a><\/p>\n\n\n\n<p><a href=\"https:\/\/czechrailwaytickets.com\/index.php\/krakow-station\/\">Krak\u00f3w<\/a><\/p>\n\n\n\n<p><a href=\"https:\/\/czechrailwaytickets.com\/index.php\/kutna-hora-stations\/\">Kutn\u00e1 Hora<\/a><\/p>\n\n\n\n<p><a href=\"https:\/\/czechrailwaytickets.com\/index.php\/leipzig\/\">Leipzig<\/a><\/p>\n\n\n\n<p><a href=\"https:\/\/czechrailwaytickets.com\/index.php\/munich-station\/\">Munich<\/a><\/p>\n\n\n\n<p><a href=\"https:\/\/czechrailwaytickets.com\/index.php\/nuremberg-2\/\">Nuremberg<\/a><\/p>\n\n\n\n<p><a href=\"https:\/\/czechrailwaytickets.com\/index.php\/prague-main-station\/\">Prague<\/a><\/p>\n\n\n\n<p><a href=\"https:\/\/czechrailwaytickets.com\/index.php\/regensburg-2\/\">Regensburg<\/a><\/p>\n\n\n\n<p><a href=\"https:\/\/czechrailwaytickets.com\/index.php\/salzburg-station\/\">Salzburg<\/a><\/p>\n\n\n\n<p><a href=\"https:\/\/czechrailwaytickets.com\/index.php\/vienna-stations\/\">Vienna<\/a><\/p>\n\n\n\n<p><a href=\"https:\/\/czechrailwaytickets.com\/index.php\/warsaw-2\/\">Warsaw<\/a><\/p>\n\n\n\n<p><a href=\"https:\/\/czechrailwaytickets.com\/index.php\/zurich-2\/\">Zurich<\/a><\/p>\n","protected":false},"excerpt":{"rendered":"<p>Find details of our most popular stations by clicking on the links below: Amsterdam Berlin Bratislava Brno Budapest \u010cesk\u00fd Krumlov Dresden Frankfurt(Main) Karlovy Vary Krak\u00f3w Kutn\u00e1 Hora Leipzig Munich Nuremberg Prague Regensburg Salzburg Vienna Warsaw Zurich<\/p>\n","protected":false},"author":1,"featured_media":0,"parent":0,"menu_order":0,"comment_status":"closed","ping_status":"closed","template":"","meta":{"footnotes":""},"class_list":["post-12223","page","type-page","status-publish","hentry"],"yoast_head":"<!-- This site is optimized with the Yoast SEO plugin v27.4 - https:\/\/yoast.com\/product\/yoast-seo-wordpress\/ -->\n<title>Station Details - Prague Trains<\/title>\n<meta name=\"robots\" content=\"index, follow, max-snippet:-1, max-image-preview:large, max-video-preview:-1\" \/>\n<link rel=\"canonical\" href=\"https:\/\/czechrailwaytickets.com\/index.php\/station-details\/\" \/>\n<meta property=\"og:locale\" content=\"en_GB\" \/>\n<meta property=\"og:type\" content=\"article\" \/>\n<meta property=\"og:title\" content=\"Station Details - Prague Trains\" \/>\n<meta property=\"og:description\" content=\"Find details of our most popular stations by clicking on the links below: Amsterdam Berlin Bratislava Brno Budapest \u010cesk\u00fd Krumlov Dresden Frankfurt(Main) Karlovy Vary Krak\u00f3w Kutn\u00e1 Hora Leipzig Munich Nuremberg Prague Regensburg Salzburg Vienna Warsaw Zurich\" \/>\n<meta property=\"og:url\" content=\"https:\/\/czechrailwaytickets.com\/index.php\/station-details\/\" \/>\n<meta property=\"og:site_name\" content=\"Prague Trains\" \/>\n<meta property=\"article:publisher\" content=\"https:\/\/www.facebook.com\/praguetrainsltd\/\" \/>\n<meta property=\"article:modified_time\" content=\"2019-02-23T20:58:54+00:00\" \/>\n<meta name=\"twitter:card\" content=\"summary_large_image\" \/>\n<script type=\"application\/ld+json\" class=\"yoast-schema-graph\">{\"@context\":\"https:\\\/\\\/schema.org\",\"@graph\":[{\"@type\":\"WebPage\",\"@id\":\"https:\\\/\\\/czechrailwaytickets.com\\\/index.php\\\/station-details\\\/\",\"url\":\"https:\\\/\\\/czechrailwaytickets.com\\\/index.php\\\/station-details\\\/\",\"name\":\"Station Details - Prague Trains\",\"isPartOf\":{\"@id\":\"https:\\\/\\\/czechrailwaytickets.com\\\/#website\"},\"datePublished\":\"2018-12-27T17:40:07+00:00\",\"dateModified\":\"2019-02-23T20:58:54+00:00\",\"breadcrumb\":{\"@id\":\"https:\\\/\\\/czechrailwaytickets.com\\\/index.php\\\/station-details\\\/#breadcrumb\"},\"inLanguage\":\"en-GB\",\"potentialAction\":[{\"@type\":\"ReadAction\",\"target\":[\"https:\\\/\\\/czechrailwaytickets.com\\\/index.php\\\/station-details\\\/\"]}]},{\"@type\":\"BreadcrumbList\",\"@id\":\"https:\\\/\\\/czechrailwaytickets.com\\\/index.php\\\/station-details\\\/#breadcrumb\",\"itemListElement\":[{\"@type\":\"ListItem\",\"position\":1,\"name\":\"Home\",\"item\":\"https:\\\/\\\/czechrailwaytickets.com\\\/\"},{\"@type\":\"ListItem\",\"position\":2,\"name\":\"Station Details\"}]},{\"@type\":\"WebSite\",\"@id\":\"https:\\\/\\\/czechrailwaytickets.com\\\/#website\",\"url\":\"https:\\\/\\\/czechrailwaytickets.com\\\/\",\"name\":\"Prague Trains\",\"description\":\"Czech Train Tickets Online\",\"publisher\":{\"@id\":\"https:\\\/\\\/czechrailwaytickets.com\\\/#organization\"},\"potentialAction\":[{\"@type\":\"SearchAction\",\"target\":{\"@type\":\"EntryPoint\",\"urlTemplate\":\"https:\\\/\\\/czechrailwaytickets.com\\\/?s={search_term_string}\"},\"query-input\":{\"@type\":\"PropertyValueSpecification\",\"valueRequired\":true,\"valueName\":\"search_term_string\"}}],\"inLanguage\":\"en-GB\"},{\"@type\":\"Organization\",\"@id\":\"https:\\\/\\\/czechrailwaytickets.com\\\/#organization\",\"name\":\"Prague Trains\",\"url\":\"https:\\\/\\\/czechrailwaytickets.com\\\/\",\"logo\":{\"@type\":\"ImageObject\",\"inLanguage\":\"en-GB\",\"@id\":\"https:\\\/\\\/czechrailwaytickets.com\\\/#\\\/schema\\\/logo\\\/image\\\/\",\"url\":\"https:\\\/\\\/czechrailwaytickets.com\\\/wp-content\\\/uploads\\\/2017\\\/12\\\/Prague-Trains-Logo.png\",\"contentUrl\":\"https:\\\/\\\/czechrailwaytickets.com\\\/wp-content\\\/uploads\\\/2017\\\/12\\\/Prague-Trains-Logo.png\",\"width\":429,\"height\":101,\"caption\":\"Prague Trains\"},\"image\":{\"@id\":\"https:\\\/\\\/czechrailwaytickets.com\\\/#\\\/schema\\\/logo\\\/image\\\/\"},\"sameAs\":[\"https:\\\/\\\/www.facebook.com\\\/praguetrainsltd\\\/\"]}]}<\/script>\n<!-- \/ Yoast SEO plugin. -->","yoast_head_json":{"title":"Station Details - Prague Trains","robots":{"index":"index","follow":"follow","max-snippet":"max-snippet:-1","max-image-preview":"max-image-preview:large","max-video-preview":"max-video-preview:-1"},"canonical":"https:\/\/czechrailwaytickets.com\/index.php\/station-details\/","og_locale":"en_GB","og_type":"article","og_title":"Station Details - Prague Trains","og_description":"Find details of our most popular stations by clicking on the links below: Amsterdam Berlin Bratislava Brno Budapest \u010cesk\u00fd Krumlov Dresden Frankfurt(Main) Karlovy Vary Krak\u00f3w Kutn\u00e1 Hora Leipzig Munich Nuremberg Prague Regensburg Salzburg Vienna Warsaw Zurich","og_url":"https:\/\/czechrailwaytickets.com\/index.php\/station-details\/","og_site_name":"Prague Trains","article_publisher":"https:\/\/www.facebook.com\/praguetrainsltd\/","article_modified_time":"2019-02-23T20:58:54+00:00","twitter_card":"summary_large_image","schema":{"@context":"https:\/\/schema.org","@graph":[{"@type":"WebPage","@id":"https:\/\/czechrailwaytickets.com\/index.php\/station-details\/","url":"https:\/\/czechrailwaytickets.com\/index.php\/station-details\/","name":"Station Details - Prague Trains","isPartOf":{"@id":"https:\/\/czechrailwaytickets.com\/#website"},"datePublished":"2018-12-27T17:40:07+00:00","dateModified":"2019-02-23T20:58:54+00:00","breadcrumb":{"@id":"https:\/\/czechrailwaytickets.com\/index.php\/station-details\/#breadcrumb"},"inLanguage":"en-GB","potentialAction":[{"@type":"ReadAction","target":["https:\/\/czechrailwaytickets.com\/index.php\/station-details\/"]}]},{"@type":"BreadcrumbList","@id":"https:\/\/czechrailwaytickets.com\/index.php\/station-details\/#breadcrumb","itemListElement":[{"@type":"ListItem","position":1,"name":"Home","item":"https:\/\/czechrailwaytickets.com\/"},{"@type":"ListItem","position":2,"name":"Station Details"}]},{"@type":"WebSite","@id":"https:\/\/czechrailwaytickets.com\/#website","url":"https:\/\/czechrailwaytickets.com\/","name":"Prague Trains","description":"Czech Train Tickets Online","publisher":{"@id":"https:\/\/czechrailwaytickets.com\/#organization"},"potentialAction":[{"@type":"SearchAction","target":{"@type":"EntryPoint","urlTemplate":"https:\/\/czechrailwaytickets.com\/?s={search_term_string}"},"query-input":{"@type":"PropertyValueSpecification","valueRequired":true,"valueName":"search_term_string"}}],"inLanguage":"en-GB"},{"@type":"Organization","@id":"https:\/\/czechrailwaytickets.com\/#organization","name":"Prague Trains","url":"https:\/\/czechrailwaytickets.com\/","logo":{"@type":"ImageObject","inLanguage":"en-GB","@id":"https:\/\/czechrailwaytickets.com\/#\/schema\/logo\/image\/","url":"https:\/\/czechrailwaytickets.com\/wp-content\/uploads\/2017\/12\/Prague-Trains-Logo.png","contentUrl":"https:\/\/czechrailwaytickets.com\/wp-content\/uploads\/2017\/12\/Prague-Trains-Logo.png","width":429,"height":101,"caption":"Prague Trains"},"image":{"@id":"https:\/\/czechrailwaytickets.com\/#\/schema\/logo\/image\/"},"sameAs":["https:\/\/www.facebook.com\/praguetrainsltd\/"]}]}},"_links":{"self":[{"href":"https:\/\/czechrailwaytickets.com\/index.php\/wp-json\/wp\/v2\/pages\/12223","targetHints":{"allow":["GET"]}}],"collection":[{"href":"https:\/\/czechrailwaytickets.com\/index.php\/wp-json\/wp\/v2\/pages"}],"about":[{"href":"https:\/\/czechrailwaytickets.com\/index.php\/wp-json\/wp\/v2\/types\/page"}],"author":[{"embeddable":true,"href":"https:\/\/czechrailwaytickets.com\/index.php\/wp-json\/wp\/v2\/users\/1"}],"replies":[{"embeddable":true,"href":"https:\/\/czechrailwaytickets.com\/index.php\/wp-json\/wp\/v2\/comments?post=12223"}],"version-history":[{"count":0,"href":"https:\/\/czechrailwaytickets.com\/index.php\/wp-json\/wp\/v2\/pages\/12223\/revisions"}],"wp:attachment":[{"href":"https:\/\/czechrailwaytickets.com\/index.php\/wp-json\/wp\/v2\/media?parent=12223"}],"curies":[{"name":"wp","href":"https:\/\/api.w.org\/{rel}","templated":true}]}}