{"id":12950,"date":"2019-01-13T17:37:52","date_gmt":"2019-01-13T17:37:52","guid":{"rendered":"https:\/\/czechrailwaytickets.com\/?page_id=12950"},"modified":"2019-02-10T13:05:59","modified_gmt":"2019-02-10T13:05:59","slug":"krakow-station","status":"publish","type":"page","link":"https:\/\/czechrailwaytickets.com\/index.php\/krakow-station\/","title":{"rendered":"Krak\u00f3w Station"},"content":{"rendered":"<h2>Station Map<\/h2>\n<p>All tickets we sell are valid from Krak\u00f3w G\u0142\u00f3wny (green).<\/p>\n<p><iframe loading=\"lazy\" src=\"https:\/\/www.google.com\/maps\/d\/u\/2\/embed?mid=1OCY3ykXLNL_vKVo2FUEBs37dqv4&amp;ll=50.061638, 19.937353&amp;z=13\" width=\"640\" height=\"480\"><span data-mce-type=\"bookmark\" style=\"display: inline-block; width: 0px; overflow: hidden; line-height: 0;\" class=\"mce_SELRES_start\">\ufeff<\/span><\/iframe><\/p>\n<h2>Top outbound routes<\/h2>\n<ul>\n<li><a href=\"https:\/\/czechrailwaytickets.com\/?from=krakow&amp;to=prague\">Krak\u00f3w to Prague<\/a><\/li>\n<li><a href=\"https:\/\/czechrailwaytickets.com\/?from=krakow&amp;to=vienna\">Krak\u00f3w to Vienna<\/a><\/li>\n<li><a href=\"https:\/\/czechrailwaytickets.com\/?from=krakow&amp;to=budapest\">Krak\u00f3w to Budapest<\/a><\/li>\n<\/ul>\n<h2>Top inbound routes<\/h2>\n<ul>\n<li><a href=\"https:\/\/czechrailwaytickets.com\/?from=prague&amp;to=krakow\">Prague to Krak\u00f3w <\/a><\/li>\n<li><a href=\"https:\/\/czechrailwaytickets.com\/?from=vienna&amp;to=krakow\">Vienna to Krak\u00f3w <\/a><\/li>\n<li><a href=\"https:\/\/czechrailwaytickets.com\/?from=budapest&amp;to=krakow\">Budapest to Krak\u00f3w<\/a><\/li>\n<\/ul>\n<h2>Other routes to\/from&nbsp;Krak\u00f3w<\/h2>\n<ul>\n<li><a href=\"https:\/\/czechrailwaytickets.com\/index.php\/custom-quote\/\">Custom Quote<\/a><\/li>\n<\/ul>\n","protected":false},"excerpt":{"rendered":"<p>Station Map All tickets we sell are valid from Krak\u00f3w G\u0142\u00f3wny (green). \ufeff Top outbound routes Krak\u00f3w to Prague Krak\u00f3w to Vienna Krak\u00f3w to Budapest Top inbound routes Prague to Krak\u00f3w Vienna to Krak\u00f3w Budapest to Krak\u00f3w Other routes to\/from&nbsp;Krak\u00f3w Custom Quote<\/p>\n","protected":false},"author":1,"featured_media":0,"parent":0,"menu_order":0,"comment_status":"closed","ping_status":"closed","template":"","meta":{"footnotes":""},"class_list":["post-12950","page","type-page","status-publish","hentry"],"yoast_head":"<!-- This site is optimized with the Yoast SEO plugin v27.4 - https:\/\/yoast.com\/product\/yoast-seo-wordpress\/ -->\n<title>Krak\u00f3w Station - Prague Trains<\/title>\n<meta name=\"robots\" content=\"index, follow, max-snippet:-1, max-image-preview:large, max-video-preview:-1\" \/>\n<link rel=\"canonical\" href=\"https:\/\/czechrailwaytickets.com\/index.php\/krakow-station\/\" \/>\n<meta property=\"og:locale\" content=\"en_GB\" \/>\n<meta property=\"og:type\" content=\"article\" \/>\n<meta property=\"og:title\" content=\"Krak\u00f3w Station - Prague Trains\" \/>\n<meta property=\"og:description\" content=\"Station Map All tickets we sell are valid from Krak\u00f3w G\u0142\u00f3wny (green). \ufeff Top outbound routes Krak\u00f3w to Prague Krak\u00f3w to Vienna Krak\u00f3w to Budapest Top inbound routes Prague to Krak\u00f3w Vienna to Krak\u00f3w Budapest to Krak\u00f3w Other routes to\/from&nbsp;Krak\u00f3w Custom Quote\" \/>\n<meta property=\"og:url\" content=\"https:\/\/czechrailwaytickets.com\/index.php\/krakow-station\/\" \/>\n<meta property=\"og:site_name\" content=\"Prague Trains\" \/>\n<meta property=\"article:publisher\" content=\"https:\/\/www.facebook.com\/praguetrainsltd\/\" \/>\n<meta property=\"article:modified_time\" content=\"2019-02-10T13:05:59+00:00\" \/>\n<meta name=\"twitter:card\" content=\"summary_large_image\" \/>\n<script type=\"application\/ld+json\" class=\"yoast-schema-graph\">{\"@context\":\"https:\\\/\\\/schema.org\",\"@graph\":[{\"@type\":\"WebPage\",\"@id\":\"https:\\\/\\\/czechrailwaytickets.com\\\/index.php\\\/krakow-station\\\/\",\"url\":\"https:\\\/\\\/czechrailwaytickets.com\\\/index.php\\\/krakow-station\\\/\",\"name\":\"Krak\u00f3w Station - Prague Trains\",\"isPartOf\":{\"@id\":\"https:\\\/\\\/czechrailwaytickets.com\\\/#website\"},\"datePublished\":\"2019-01-13T17:37:52+00:00\",\"dateModified\":\"2019-02-10T13:05:59+00:00\",\"breadcrumb\":{\"@id\":\"https:\\\/\\\/czechrailwaytickets.com\\\/index.php\\\/krakow-station\\\/#breadcrumb\"},\"inLanguage\":\"en-GB\",\"potentialAction\":[{\"@type\":\"ReadAction\",\"target\":[\"https:\\\/\\\/czechrailwaytickets.com\\\/index.php\\\/krakow-station\\\/\"]}]},{\"@type\":\"BreadcrumbList\",\"@id\":\"https:\\\/\\\/czechrailwaytickets.com\\\/index.php\\\/krakow-station\\\/#breadcrumb\",\"itemListElement\":[{\"@type\":\"ListItem\",\"position\":1,\"name\":\"Home\",\"item\":\"https:\\\/\\\/czechrailwaytickets.com\\\/\"},{\"@type\":\"ListItem\",\"position\":2,\"name\":\"Krak\u00f3w Station\"}]},{\"@type\":\"WebSite\",\"@id\":\"https:\\\/\\\/czechrailwaytickets.com\\\/#website\",\"url\":\"https:\\\/\\\/czechrailwaytickets.com\\\/\",\"name\":\"Prague Trains\",\"description\":\"Czech Train Tickets Online\",\"publisher\":{\"@id\":\"https:\\\/\\\/czechrailwaytickets.com\\\/#organization\"},\"potentialAction\":[{\"@type\":\"SearchAction\",\"target\":{\"@type\":\"EntryPoint\",\"urlTemplate\":\"https:\\\/\\\/czechrailwaytickets.com\\\/?s={search_term_string}\"},\"query-input\":{\"@type\":\"PropertyValueSpecification\",\"valueRequired\":true,\"valueName\":\"search_term_string\"}}],\"inLanguage\":\"en-GB\"},{\"@type\":\"Organization\",\"@id\":\"https:\\\/\\\/czechrailwaytickets.com\\\/#organization\",\"name\":\"Prague Trains\",\"url\":\"https:\\\/\\\/czechrailwaytickets.com\\\/\",\"logo\":{\"@type\":\"ImageObject\",\"inLanguage\":\"en-GB\",\"@id\":\"https:\\\/\\\/czechrailwaytickets.com\\\/#\\\/schema\\\/logo\\\/image\\\/\",\"url\":\"https:\\\/\\\/czechrailwaytickets.com\\\/wp-content\\\/uploads\\\/2017\\\/12\\\/Prague-Trains-Logo.png\",\"contentUrl\":\"https:\\\/\\\/czechrailwaytickets.com\\\/wp-content\\\/uploads\\\/2017\\\/12\\\/Prague-Trains-Logo.png\",\"width\":429,\"height\":101,\"caption\":\"Prague Trains\"},\"image\":{\"@id\":\"https:\\\/\\\/czechrailwaytickets.com\\\/#\\\/schema\\\/logo\\\/image\\\/\"},\"sameAs\":[\"https:\\\/\\\/www.facebook.com\\\/praguetrainsltd\\\/\"]}]}<\/script>\n<!-- \/ Yoast SEO plugin. -->","yoast_head_json":{"title":"Krak\u00f3w Station - Prague Trains","robots":{"index":"index","follow":"follow","max-snippet":"max-snippet:-1","max-image-preview":"max-image-preview:large","max-video-preview":"max-video-preview:-1"},"canonical":"https:\/\/czechrailwaytickets.com\/index.php\/krakow-station\/","og_locale":"en_GB","og_type":"article","og_title":"Krak\u00f3w Station - Prague Trains","og_description":"Station Map All tickets we sell are valid from Krak\u00f3w G\u0142\u00f3wny (green). \ufeff Top outbound routes Krak\u00f3w to Prague Krak\u00f3w to Vienna Krak\u00f3w to Budapest Top inbound routes Prague to Krak\u00f3w Vienna to Krak\u00f3w Budapest to Krak\u00f3w Other routes to\/from&nbsp;Krak\u00f3w Custom Quote","og_url":"https:\/\/czechrailwaytickets.com\/index.php\/krakow-station\/","og_site_name":"Prague Trains","article_publisher":"https:\/\/www.facebook.com\/praguetrainsltd\/","article_modified_time":"2019-02-10T13:05:59+00:00","twitter_card":"summary_large_image","schema":{"@context":"https:\/\/schema.org","@graph":[{"@type":"WebPage","@id":"https:\/\/czechrailwaytickets.com\/index.php\/krakow-station\/","url":"https:\/\/czechrailwaytickets.com\/index.php\/krakow-station\/","name":"Krak\u00f3w Station - Prague Trains","isPartOf":{"@id":"https:\/\/czechrailwaytickets.com\/#website"},"datePublished":"2019-01-13T17:37:52+00:00","dateModified":"2019-02-10T13:05:59+00:00","breadcrumb":{"@id":"https:\/\/czechrailwaytickets.com\/index.php\/krakow-station\/#breadcrumb"},"inLanguage":"en-GB","potentialAction":[{"@type":"ReadAction","target":["https:\/\/czechrailwaytickets.com\/index.php\/krakow-station\/"]}]},{"@type":"BreadcrumbList","@id":"https:\/\/czechrailwaytickets.com\/index.php\/krakow-station\/#breadcrumb","itemListElement":[{"@type":"ListItem","position":1,"name":"Home","item":"https:\/\/czechrailwaytickets.com\/"},{"@type":"ListItem","position":2,"name":"Krak\u00f3w Station"}]},{"@type":"WebSite","@id":"https:\/\/czechrailwaytickets.com\/#website","url":"https:\/\/czechrailwaytickets.com\/","name":"Prague Trains","description":"Czech Train Tickets Online","publisher":{"@id":"https:\/\/czechrailwaytickets.com\/#organization"},"potentialAction":[{"@type":"SearchAction","target":{"@type":"EntryPoint","urlTemplate":"https:\/\/czechrailwaytickets.com\/?s={search_term_string}"},"query-input":{"@type":"PropertyValueSpecification","valueRequired":true,"valueName":"search_term_string"}}],"inLanguage":"en-GB"},{"@type":"Organization","@id":"https:\/\/czechrailwaytickets.com\/#organization","name":"Prague Trains","url":"https:\/\/czechrailwaytickets.com\/","logo":{"@type":"ImageObject","inLanguage":"en-GB","@id":"https:\/\/czechrailwaytickets.com\/#\/schema\/logo\/image\/","url":"https:\/\/czechrailwaytickets.com\/wp-content\/uploads\/2017\/12\/Prague-Trains-Logo.png","contentUrl":"https:\/\/czechrailwaytickets.com\/wp-content\/uploads\/2017\/12\/Prague-Trains-Logo.png","width":429,"height":101,"caption":"Prague Trains"},"image":{"@id":"https:\/\/czechrailwaytickets.com\/#\/schema\/logo\/image\/"},"sameAs":["https:\/\/www.facebook.com\/praguetrainsltd\/"]}]}},"_links":{"self":[{"href":"https:\/\/czechrailwaytickets.com\/index.php\/wp-json\/wp\/v2\/pages\/12950","targetHints":{"allow":["GET"]}}],"collection":[{"href":"https:\/\/czechrailwaytickets.com\/index.php\/wp-json\/wp\/v2\/pages"}],"about":[{"href":"https:\/\/czechrailwaytickets.com\/index.php\/wp-json\/wp\/v2\/types\/page"}],"author":[{"embeddable":true,"href":"https:\/\/czechrailwaytickets.com\/index.php\/wp-json\/wp\/v2\/users\/1"}],"replies":[{"embeddable":true,"href":"https:\/\/czechrailwaytickets.com\/index.php\/wp-json\/wp\/v2\/comments?post=12950"}],"version-history":[{"count":0,"href":"https:\/\/czechrailwaytickets.com\/index.php\/wp-json\/wp\/v2\/pages\/12950\/revisions"}],"wp:attachment":[{"href":"https:\/\/czechrailwaytickets.com\/index.php\/wp-json\/wp\/v2\/media?parent=12950"}],"curies":[{"name":"wp","href":"https:\/\/api.w.org\/{rel}","templated":true}]}}