{"id":13811,"date":"2019-02-16T17:50:29","date_gmt":"2019-02-16T17:50:29","guid":{"rendered":"https:\/\/czechrailwaytickets.com\/?page_id=13811"},"modified":"2019-12-22T12:34:59","modified_gmt":"2019-12-22T12:34:59","slug":"brno-stations","status":"publish","type":"page","link":"https:\/\/czechrailwaytickets.com\/index.php\/brno-stations\/","title":{"rendered":"Brno Stations"},"content":{"rendered":"\n<h2 class=\"wp-block-heading\">Station Map<\/h2>\n\n\n\n<p>Brno&#8217;s main station (hlavn\u00ed n\u00e1dra\u017ei) is located at N\u00e1dra\u017en\u00ed 1 and marked in green. <\/p>\n\n\n\n<p>Doln\u00ed n\u00e1dra\u017e\u00ed is located on Rosick\u00e1  street and is marked in red.<\/p>\n\n\n\n<figure><iframe loading=\"lazy\" src=\"https:\/\/www.google.com\/maps\/d\/u\/2\/embed?mid=1OCY3ykXLNL_vKVo2FUEBs37dqv4&amp;ll=49.189444, 16.614748&amp;z=14\" width=\"640\" height=\"480\"><\/iframe><\/figure>\n\n\n\n<h2 class=\"wp-block-heading\">Top outbound routes<\/h2>\n\n\n\n<ul class=\"wp-block-list\"><li><a href=\"https:\/\/czechrailwaytickets.com\/?from=brno&amp;to=prague\">Brno to Prague<\/a><\/li><\/ul>\n\n\n\n<h2 class=\"wp-block-heading\">Top inbound routes<\/h2>\n\n\n\n<ul class=\"wp-block-list\"><li><a href=\"https:\/\/czechrailwaytickets.com\/?from=prague&amp;to=brno\">Prague to Brno<\/a><\/li><\/ul>\n\n\n\n<h2 class=\"wp-block-heading\">Other routes to\/from&nbsp;Budapest<\/h2>\n\n\n\n<ul class=\"wp-block-list\"><li><a href=\"https:\/\/czechrailwaytickets.com\/index.php\/custom-quote\/\">Custom Quote<\/a><\/li><\/ul>\n","protected":false},"excerpt":{"rendered":"<p>Station Map Brno&#8217;s main station (hlavn\u00ed n\u00e1dra\u017ei) is located at N\u00e1dra\u017en\u00ed 1 and marked in green. Doln\u00ed n\u00e1dra\u017e\u00ed is located on Rosick\u00e1 street and is marked in red. Top outbound routes Brno to Prague Top inbound routes Prague to Brno Other routes to\/from&nbsp;Budapest Custom Quote<\/p>\n","protected":false},"author":1,"featured_media":0,"parent":0,"menu_order":0,"comment_status":"closed","ping_status":"closed","template":"","meta":{"footnotes":""},"class_list":["post-13811","page","type-page","status-publish","hentry"],"yoast_head":"<!-- This site is optimized with the Yoast SEO plugin v27.3 - https:\/\/yoast.com\/product\/yoast-seo-wordpress\/ -->\n<title>Brno Stations - Prague Trains<\/title>\n<meta name=\"robots\" content=\"index, follow, max-snippet:-1, max-image-preview:large, max-video-preview:-1\" \/>\n<link rel=\"canonical\" href=\"https:\/\/czechrailwaytickets.com\/index.php\/brno-stations\/\" \/>\n<meta property=\"og:locale\" content=\"en_GB\" \/>\n<meta property=\"og:type\" content=\"article\" \/>\n<meta property=\"og:title\" content=\"Brno Stations - Prague Trains\" \/>\n<meta property=\"og:description\" content=\"Station Map Brno&#8217;s main station (hlavn\u00ed n\u00e1dra\u017ei) is located at N\u00e1dra\u017en\u00ed 1 and marked in green. Doln\u00ed n\u00e1dra\u017e\u00ed is located on Rosick\u00e1 street and is marked in red. Top outbound routes Brno to Prague Top inbound routes Prague to Brno Other routes to\/from&nbsp;Budapest Custom Quote\" \/>\n<meta property=\"og:url\" content=\"https:\/\/czechrailwaytickets.com\/index.php\/brno-stations\/\" \/>\n<meta property=\"og:site_name\" content=\"Prague Trains\" \/>\n<meta property=\"article:publisher\" content=\"https:\/\/www.facebook.com\/praguetrainsltd\/\" \/>\n<meta property=\"article:modified_time\" content=\"2019-12-22T12:34:59+00:00\" \/>\n<meta name=\"twitter:card\" content=\"summary_large_image\" \/>\n<script type=\"application\/ld+json\" class=\"yoast-schema-graph\">{\"@context\":\"https:\\\/\\\/schema.org\",\"@graph\":[{\"@type\":\"WebPage\",\"@id\":\"https:\\\/\\\/czechrailwaytickets.com\\\/index.php\\\/brno-stations\\\/\",\"url\":\"https:\\\/\\\/czechrailwaytickets.com\\\/index.php\\\/brno-stations\\\/\",\"name\":\"Brno Stations - Prague Trains\",\"isPartOf\":{\"@id\":\"https:\\\/\\\/czechrailwaytickets.com\\\/#website\"},\"datePublished\":\"2019-02-16T17:50:29+00:00\",\"dateModified\":\"2019-12-22T12:34:59+00:00\",\"breadcrumb\":{\"@id\":\"https:\\\/\\\/czechrailwaytickets.com\\\/index.php\\\/brno-stations\\\/#breadcrumb\"},\"inLanguage\":\"en-GB\",\"potentialAction\":[{\"@type\":\"ReadAction\",\"target\":[\"https:\\\/\\\/czechrailwaytickets.com\\\/index.php\\\/brno-stations\\\/\"]}]},{\"@type\":\"BreadcrumbList\",\"@id\":\"https:\\\/\\\/czechrailwaytickets.com\\\/index.php\\\/brno-stations\\\/#breadcrumb\",\"itemListElement\":[{\"@type\":\"ListItem\",\"position\":1,\"name\":\"Home\",\"item\":\"https:\\\/\\\/czechrailwaytickets.com\\\/\"},{\"@type\":\"ListItem\",\"position\":2,\"name\":\"Brno Stations\"}]},{\"@type\":\"WebSite\",\"@id\":\"https:\\\/\\\/czechrailwaytickets.com\\\/#website\",\"url\":\"https:\\\/\\\/czechrailwaytickets.com\\\/\",\"name\":\"Prague Trains\",\"description\":\"Czech Train Tickets Online\",\"publisher\":{\"@id\":\"https:\\\/\\\/czechrailwaytickets.com\\\/#organization\"},\"potentialAction\":[{\"@type\":\"SearchAction\",\"target\":{\"@type\":\"EntryPoint\",\"urlTemplate\":\"https:\\\/\\\/czechrailwaytickets.com\\\/?s={search_term_string}\"},\"query-input\":{\"@type\":\"PropertyValueSpecification\",\"valueRequired\":true,\"valueName\":\"search_term_string\"}}],\"inLanguage\":\"en-GB\"},{\"@type\":\"Organization\",\"@id\":\"https:\\\/\\\/czechrailwaytickets.com\\\/#organization\",\"name\":\"Prague Trains\",\"url\":\"https:\\\/\\\/czechrailwaytickets.com\\\/\",\"logo\":{\"@type\":\"ImageObject\",\"inLanguage\":\"en-GB\",\"@id\":\"https:\\\/\\\/czechrailwaytickets.com\\\/#\\\/schema\\\/logo\\\/image\\\/\",\"url\":\"https:\\\/\\\/czechrailwaytickets.com\\\/wp-content\\\/uploads\\\/2017\\\/12\\\/Prague-Trains-Logo.png\",\"contentUrl\":\"https:\\\/\\\/czechrailwaytickets.com\\\/wp-content\\\/uploads\\\/2017\\\/12\\\/Prague-Trains-Logo.png\",\"width\":429,\"height\":101,\"caption\":\"Prague Trains\"},\"image\":{\"@id\":\"https:\\\/\\\/czechrailwaytickets.com\\\/#\\\/schema\\\/logo\\\/image\\\/\"},\"sameAs\":[\"https:\\\/\\\/www.facebook.com\\\/praguetrainsltd\\\/\"]}]}<\/script>\n<!-- \/ Yoast SEO plugin. -->","yoast_head_json":{"title":"Brno Stations - Prague Trains","robots":{"index":"index","follow":"follow","max-snippet":"max-snippet:-1","max-image-preview":"max-image-preview:large","max-video-preview":"max-video-preview:-1"},"canonical":"https:\/\/czechrailwaytickets.com\/index.php\/brno-stations\/","og_locale":"en_GB","og_type":"article","og_title":"Brno Stations - Prague Trains","og_description":"Station Map Brno&#8217;s main station (hlavn\u00ed n\u00e1dra\u017ei) is located at N\u00e1dra\u017en\u00ed 1 and marked in green. Doln\u00ed n\u00e1dra\u017e\u00ed is located on Rosick\u00e1 street and is marked in red. Top outbound routes Brno to Prague Top inbound routes Prague to Brno Other routes to\/from&nbsp;Budapest Custom Quote","og_url":"https:\/\/czechrailwaytickets.com\/index.php\/brno-stations\/","og_site_name":"Prague Trains","article_publisher":"https:\/\/www.facebook.com\/praguetrainsltd\/","article_modified_time":"2019-12-22T12:34:59+00:00","twitter_card":"summary_large_image","schema":{"@context":"https:\/\/schema.org","@graph":[{"@type":"WebPage","@id":"https:\/\/czechrailwaytickets.com\/index.php\/brno-stations\/","url":"https:\/\/czechrailwaytickets.com\/index.php\/brno-stations\/","name":"Brno Stations - Prague Trains","isPartOf":{"@id":"https:\/\/czechrailwaytickets.com\/#website"},"datePublished":"2019-02-16T17:50:29+00:00","dateModified":"2019-12-22T12:34:59+00:00","breadcrumb":{"@id":"https:\/\/czechrailwaytickets.com\/index.php\/brno-stations\/#breadcrumb"},"inLanguage":"en-GB","potentialAction":[{"@type":"ReadAction","target":["https:\/\/czechrailwaytickets.com\/index.php\/brno-stations\/"]}]},{"@type":"BreadcrumbList","@id":"https:\/\/czechrailwaytickets.com\/index.php\/brno-stations\/#breadcrumb","itemListElement":[{"@type":"ListItem","position":1,"name":"Home","item":"https:\/\/czechrailwaytickets.com\/"},{"@type":"ListItem","position":2,"name":"Brno Stations"}]},{"@type":"WebSite","@id":"https:\/\/czechrailwaytickets.com\/#website","url":"https:\/\/czechrailwaytickets.com\/","name":"Prague Trains","description":"Czech Train Tickets Online","publisher":{"@id":"https:\/\/czechrailwaytickets.com\/#organization"},"potentialAction":[{"@type":"SearchAction","target":{"@type":"EntryPoint","urlTemplate":"https:\/\/czechrailwaytickets.com\/?s={search_term_string}"},"query-input":{"@type":"PropertyValueSpecification","valueRequired":true,"valueName":"search_term_string"}}],"inLanguage":"en-GB"},{"@type":"Organization","@id":"https:\/\/czechrailwaytickets.com\/#organization","name":"Prague Trains","url":"https:\/\/czechrailwaytickets.com\/","logo":{"@type":"ImageObject","inLanguage":"en-GB","@id":"https:\/\/czechrailwaytickets.com\/#\/schema\/logo\/image\/","url":"https:\/\/czechrailwaytickets.com\/wp-content\/uploads\/2017\/12\/Prague-Trains-Logo.png","contentUrl":"https:\/\/czechrailwaytickets.com\/wp-content\/uploads\/2017\/12\/Prague-Trains-Logo.png","width":429,"height":101,"caption":"Prague Trains"},"image":{"@id":"https:\/\/czechrailwaytickets.com\/#\/schema\/logo\/image\/"},"sameAs":["https:\/\/www.facebook.com\/praguetrainsltd\/"]}]}},"_links":{"self":[{"href":"https:\/\/czechrailwaytickets.com\/index.php\/wp-json\/wp\/v2\/pages\/13811","targetHints":{"allow":["GET"]}}],"collection":[{"href":"https:\/\/czechrailwaytickets.com\/index.php\/wp-json\/wp\/v2\/pages"}],"about":[{"href":"https:\/\/czechrailwaytickets.com\/index.php\/wp-json\/wp\/v2\/types\/page"}],"author":[{"embeddable":true,"href":"https:\/\/czechrailwaytickets.com\/index.php\/wp-json\/wp\/v2\/users\/1"}],"replies":[{"embeddable":true,"href":"https:\/\/czechrailwaytickets.com\/index.php\/wp-json\/wp\/v2\/comments?post=13811"}],"version-history":[{"count":0,"href":"https:\/\/czechrailwaytickets.com\/index.php\/wp-json\/wp\/v2\/pages\/13811\/revisions"}],"wp:attachment":[{"href":"https:\/\/czechrailwaytickets.com\/index.php\/wp-json\/wp\/v2\/media?parent=13811"}],"curies":[{"name":"wp","href":"https:\/\/api.w.org\/{rel}","templated":true}]}}