{"id":621,"date":"2017-12-02T17:43:34","date_gmt":"2017-12-02T17:43:34","guid":{"rendered":"https:\/\/czechrailwaytickets.com\/?page_id=621"},"modified":"2021-09-06T18:53:42","modified_gmt":"2021-09-06T18:53:42","slug":"prague-main-station","status":"publish","type":"page","link":"https:\/\/czechrailwaytickets.com\/index.php\/prague-main-station\/","title":{"rendered":"Prague Stations"},"content":{"rendered":"\n<p>Most journeys begin or end in Prague&#8217;s main railway station (hlavn\u00ed n\u00e1dra\u017e\u00ed) also abbreviated as hl.n. However, some train services call instead at Prague Hole\u0161ovice. Check your ticket and itinerary information to know which station you need to use.\u00a0 The two stations are just 5-6 minutes apart using Metro Line C (the red line on city transport maps).<\/p>\n\n\n\n<p><iframe loading=\"lazy\" src=\"https:\/\/www.google.com\/maps\/d\/u\/2\/embed?mid=1OCY3ykXLNL_vKVo2FUEBs37dqv4&amp;ll=50.10,14.43&amp;z=13\" width=\"640\" height=\"480\"><span data-mce-type=\"bookmark\" style=\"display: inline-block; width: 0px; overflow: hidden; line-height: 0;\" class=\"mce_SELRES_start\">\ufeff<\/span><\/iframe><\/p>\n\n\n\n<p><strong>Main Station Address:<br><\/strong><em>Wilsonova 300\/8<\/em><br><em>120 00 Vinohrady-Praha 2<\/em><br><em>Czech Republic<\/em><\/p>\n\n\n\n<p><\/p>\n\n\n\n<p>The main station in Prague, known as hlavn\u00ed n\u00e1dra\u017e\u00ed, is located on Wilsonova Street about one third of a mile or five minutes walk from the top of Wenceslas Square.<\/p>\n\n\n\n<p>The station can be reached by metro line C (the red line), tram lines 5, 8, 9, 15 or 26, night trams 92, 95 or 58 and bus lines 905, 907, 908, 911 or AE. The Airport Express bus (\u2018AE\u2019) connects the railway station with Prague Airport every 30 minutes.<\/p>\n\n\n\n<p>For passengers travelling with a lot of luggage we recommend AAA Radiotaxi who have English speaking operators on telephone +420 222 333 222.<\/p>\n\n\n\n<figure class=\"wp-block-gallery columns-2 is-cropped wp-block-gallery-1 is-layout-flex wp-block-gallery-is-layout-flex\"><ul class=\"blocks-gallery-grid\"><li class=\"blocks-gallery-item\"><figure><img loading=\"lazy\" decoding=\"async\" width=\"1500\" height=\"1000\" src=\"https:\/\/czechrailwaytickets.com\/wp-content\/uploads\/2017\/12\/Prague-hlavn\u00ed-n\u00e1dra\u017e\u00ed-Exterior.jpg\" alt=\"\" data-id=\"1140\" class=\"wp-image-1140\" srcset=\"https:\/\/czechrailwaytickets.com\/wp-content\/uploads\/2017\/12\/Prague-hlavn\u00ed-n\u00e1dra\u017e\u00ed-Exterior.jpg 1500w, https:\/\/czechrailwaytickets.com\/wp-content\/uploads\/2017\/12\/Prague-hlavn\u00ed-n\u00e1dra\u017e\u00ed-Exterior-300x200.jpg 300w, https:\/\/czechrailwaytickets.com\/wp-content\/uploads\/2017\/12\/Prague-hlavn\u00ed-n\u00e1dra\u017e\u00ed-Exterior-768x512.jpg 768w, https:\/\/czechrailwaytickets.com\/wp-content\/uploads\/2017\/12\/Prague-hlavn\u00ed-n\u00e1dra\u017e\u00ed-Exterior-1024x683.jpg 1024w, https:\/\/czechrailwaytickets.com\/wp-content\/uploads\/2017\/12\/Prague-hlavn\u00ed-n\u00e1dra\u017e\u00ed-Exterior-324x216.jpg 324w, https:\/\/czechrailwaytickets.com\/wp-content\/uploads\/2017\/12\/Prague-hlavn\u00ed-n\u00e1dra\u017e\u00ed-Exterior-416x277.jpg 416w\" sizes=\"auto, (max-width: 1500px) 100vw, 1500px\" \/><\/figure><\/li><li class=\"blocks-gallery-item\"><figure><img loading=\"lazy\" decoding=\"async\" width=\"1500\" height=\"1000\" src=\"https:\/\/czechrailwaytickets.com\/wp-content\/uploads\/2017\/12\/Prague-hlavn\u00ed-n\u00e1dra\u017e\u00ed-Canopy.jpg\" alt=\"\" data-id=\"1141\" class=\"wp-image-1141\" srcset=\"https:\/\/czechrailwaytickets.com\/wp-content\/uploads\/2017\/12\/Prague-hlavn\u00ed-n\u00e1dra\u017e\u00ed-Canopy.jpg 1500w, https:\/\/czechrailwaytickets.com\/wp-content\/uploads\/2017\/12\/Prague-hlavn\u00ed-n\u00e1dra\u017e\u00ed-Canopy-300x200.jpg 300w, https:\/\/czechrailwaytickets.com\/wp-content\/uploads\/2017\/12\/Prague-hlavn\u00ed-n\u00e1dra\u017e\u00ed-Canopy-768x512.jpg 768w, https:\/\/czechrailwaytickets.com\/wp-content\/uploads\/2017\/12\/Prague-hlavn\u00ed-n\u00e1dra\u017e\u00ed-Canopy-1024x683.jpg 1024w, https:\/\/czechrailwaytickets.com\/wp-content\/uploads\/2017\/12\/Prague-hlavn\u00ed-n\u00e1dra\u017e\u00ed-Canopy-324x216.jpg 324w, https:\/\/czechrailwaytickets.com\/wp-content\/uploads\/2017\/12\/Prague-hlavn\u00ed-n\u00e1dra\u017e\u00ed-Canopy-416x277.jpg 416w\" sizes=\"auto, (max-width: 1500px) 100vw, 1500px\" \/><\/figure><\/li><li class=\"blocks-gallery-item\"><figure><img loading=\"lazy\" decoding=\"async\" width=\"1500\" height=\"1000\" src=\"https:\/\/czechrailwaytickets.com\/wp-content\/uploads\/2017\/12\/Prague-hlavn\u00ed-n\u00e1dra\u017e\u00ed-Fantova-Kav\u00e1rna.jpg\" alt=\"\" data-id=\"1142\" class=\"wp-image-1142\" srcset=\"https:\/\/czechrailwaytickets.com\/wp-content\/uploads\/2017\/12\/Prague-hlavn\u00ed-n\u00e1dra\u017e\u00ed-Fantova-Kav\u00e1rna.jpg 1500w, https:\/\/czechrailwaytickets.com\/wp-content\/uploads\/2017\/12\/Prague-hlavn\u00ed-n\u00e1dra\u017e\u00ed-Fantova-Kav\u00e1rna-300x200.jpg 300w, https:\/\/czechrailwaytickets.com\/wp-content\/uploads\/2017\/12\/Prague-hlavn\u00ed-n\u00e1dra\u017e\u00ed-Fantova-Kav\u00e1rna-768x512.jpg 768w, https:\/\/czechrailwaytickets.com\/wp-content\/uploads\/2017\/12\/Prague-hlavn\u00ed-n\u00e1dra\u017e\u00ed-Fantova-Kav\u00e1rna-1024x683.jpg 1024w, https:\/\/czechrailwaytickets.com\/wp-content\/uploads\/2017\/12\/Prague-hlavn\u00ed-n\u00e1dra\u017e\u00ed-Fantova-Kav\u00e1rna-324x216.jpg 324w, https:\/\/czechrailwaytickets.com\/wp-content\/uploads\/2017\/12\/Prague-hlavn\u00ed-n\u00e1dra\u017e\u00ed-Fantova-Kav\u00e1rna-416x277.jpg 416w\" sizes=\"auto, (max-width: 1500px) 100vw, 1500px\" \/><\/figure><\/li><li class=\"blocks-gallery-item\"><figure><img loading=\"lazy\" decoding=\"async\" width=\"1500\" height=\"1000\" src=\"https:\/\/czechrailwaytickets.com\/wp-content\/uploads\/2017\/12\/Prague-hlavn\u00ed-n\u00e1dra\u017e\u00ed-Departure-Boards.jpg\" alt=\"\" data-id=\"1143\" class=\"wp-image-1143\" srcset=\"https:\/\/czechrailwaytickets.com\/wp-content\/uploads\/2017\/12\/Prague-hlavn\u00ed-n\u00e1dra\u017e\u00ed-Departure-Boards.jpg 1500w, https:\/\/czechrailwaytickets.com\/wp-content\/uploads\/2017\/12\/Prague-hlavn\u00ed-n\u00e1dra\u017e\u00ed-Departure-Boards-300x200.jpg 300w, https:\/\/czechrailwaytickets.com\/wp-content\/uploads\/2017\/12\/Prague-hlavn\u00ed-n\u00e1dra\u017e\u00ed-Departure-Boards-768x512.jpg 768w, https:\/\/czechrailwaytickets.com\/wp-content\/uploads\/2017\/12\/Prague-hlavn\u00ed-n\u00e1dra\u017e\u00ed-Departure-Boards-1024x683.jpg 1024w, https:\/\/czechrailwaytickets.com\/wp-content\/uploads\/2017\/12\/Prague-hlavn\u00ed-n\u00e1dra\u017e\u00ed-Departure-Boards-324x216.jpg 324w, https:\/\/czechrailwaytickets.com\/wp-content\/uploads\/2017\/12\/Prague-hlavn\u00ed-n\u00e1dra\u017e\u00ed-Departure-Boards-416x277.jpg 416w\" sizes=\"auto, (max-width: 1500px) 100vw, 1500px\" \/><\/figure><\/li><li class=\"blocks-gallery-item\"><figure><img loading=\"lazy\" decoding=\"async\" width=\"1500\" height=\"1000\" src=\"https:\/\/czechrailwaytickets.com\/wp-content\/uploads\/2017\/12\/Prague-hlavn\u00ed-n\u00e1dra\u017e\u00ed-Catering.jpg\" alt=\"\" data-id=\"1144\" class=\"wp-image-1144\" srcset=\"https:\/\/czechrailwaytickets.com\/wp-content\/uploads\/2017\/12\/Prague-hlavn\u00ed-n\u00e1dra\u017e\u00ed-Catering.jpg 1500w, https:\/\/czechrailwaytickets.com\/wp-content\/uploads\/2017\/12\/Prague-hlavn\u00ed-n\u00e1dra\u017e\u00ed-Catering-300x200.jpg 300w, https:\/\/czechrailwaytickets.com\/wp-content\/uploads\/2017\/12\/Prague-hlavn\u00ed-n\u00e1dra\u017e\u00ed-Catering-768x512.jpg 768w, https:\/\/czechrailwaytickets.com\/wp-content\/uploads\/2017\/12\/Prague-hlavn\u00ed-n\u00e1dra\u017e\u00ed-Catering-1024x683.jpg 1024w, https:\/\/czechrailwaytickets.com\/wp-content\/uploads\/2017\/12\/Prague-hlavn\u00ed-n\u00e1dra\u017e\u00ed-Catering-324x216.jpg 324w, https:\/\/czechrailwaytickets.com\/wp-content\/uploads\/2017\/12\/Prague-hlavn\u00ed-n\u00e1dra\u017e\u00ed-Catering-416x277.jpg 416w\" sizes=\"auto, (max-width: 1500px) 100vw, 1500px\" \/><\/figure><\/li><li class=\"blocks-gallery-item\"><figure><img loading=\"lazy\" decoding=\"async\" width=\"1500\" height=\"1000\" src=\"https:\/\/czechrailwaytickets.com\/wp-content\/uploads\/2017\/12\/Prague-hlavn\u00ed-n\u00e1dra\u017e\u00ed-Left-Luggage.jpg\" alt=\"\" data-id=\"1146\" class=\"wp-image-1146\" srcset=\"https:\/\/czechrailwaytickets.com\/wp-content\/uploads\/2017\/12\/Prague-hlavn\u00ed-n\u00e1dra\u017e\u00ed-Left-Luggage.jpg 1500w, https:\/\/czechrailwaytickets.com\/wp-content\/uploads\/2017\/12\/Prague-hlavn\u00ed-n\u00e1dra\u017e\u00ed-Left-Luggage-300x200.jpg 300w, https:\/\/czechrailwaytickets.com\/wp-content\/uploads\/2017\/12\/Prague-hlavn\u00ed-n\u00e1dra\u017e\u00ed-Left-Luggage-768x512.jpg 768w, https:\/\/czechrailwaytickets.com\/wp-content\/uploads\/2017\/12\/Prague-hlavn\u00ed-n\u00e1dra\u017e\u00ed-Left-Luggage-1024x683.jpg 1024w, https:\/\/czechrailwaytickets.com\/wp-content\/uploads\/2017\/12\/Prague-hlavn\u00ed-n\u00e1dra\u017e\u00ed-Left-Luggage-324x216.jpg 324w, https:\/\/czechrailwaytickets.com\/wp-content\/uploads\/2017\/12\/Prague-hlavn\u00ed-n\u00e1dra\u017e\u00ed-Left-Luggage-416x277.jpg 416w\" sizes=\"auto, (max-width: 1500px) 100vw, 1500px\" \/><\/figure><\/li><li class=\"blocks-gallery-item\"><figure><img loading=\"lazy\" decoding=\"async\" width=\"1500\" height=\"1000\" src=\"https:\/\/czechrailwaytickets.com\/wp-content\/uploads\/2017\/12\/Prague-hlavn\u00ed-n\u00e1dra\u017e\u00ed-Metro-C-Entrance.jpg\" alt=\"\" data-id=\"1147\" class=\"wp-image-1147\" srcset=\"https:\/\/czechrailwaytickets.com\/wp-content\/uploads\/2017\/12\/Prague-hlavn\u00ed-n\u00e1dra\u017e\u00ed-Metro-C-Entrance.jpg 1500w, https:\/\/czechrailwaytickets.com\/wp-content\/uploads\/2017\/12\/Prague-hlavn\u00ed-n\u00e1dra\u017e\u00ed-Metro-C-Entrance-300x200.jpg 300w, https:\/\/czechrailwaytickets.com\/wp-content\/uploads\/2017\/12\/Prague-hlavn\u00ed-n\u00e1dra\u017e\u00ed-Metro-C-Entrance-768x512.jpg 768w, https:\/\/czechrailwaytickets.com\/wp-content\/uploads\/2017\/12\/Prague-hlavn\u00ed-n\u00e1dra\u017e\u00ed-Metro-C-Entrance-1024x683.jpg 1024w, https:\/\/czechrailwaytickets.com\/wp-content\/uploads\/2017\/12\/Prague-hlavn\u00ed-n\u00e1dra\u017e\u00ed-Metro-C-Entrance-324x216.jpg 324w, https:\/\/czechrailwaytickets.com\/wp-content\/uploads\/2017\/12\/Prague-hlavn\u00ed-n\u00e1dra\u017e\u00ed-Metro-C-Entrance-416x277.jpg 416w\" sizes=\"auto, (max-width: 1500px) 100vw, 1500px\" \/><\/figure><\/li><li class=\"blocks-gallery-item\"><figure><img loading=\"lazy\" decoding=\"async\" width=\"1500\" height=\"1000\" src=\"https:\/\/czechrailwaytickets.com\/wp-content\/uploads\/2017\/12\/Prague-hlavn\u00ed-n\u00e1dra\u017e\u00ed-Airport-Express.jpg\" alt=\"\" data-id=\"1148\" class=\"wp-image-1148\" srcset=\"https:\/\/czechrailwaytickets.com\/wp-content\/uploads\/2017\/12\/Prague-hlavn\u00ed-n\u00e1dra\u017e\u00ed-Airport-Express.jpg 1500w, https:\/\/czechrailwaytickets.com\/wp-content\/uploads\/2017\/12\/Prague-hlavn\u00ed-n\u00e1dra\u017e\u00ed-Airport-Express-300x200.jpg 300w, https:\/\/czechrailwaytickets.com\/wp-content\/uploads\/2017\/12\/Prague-hlavn\u00ed-n\u00e1dra\u017e\u00ed-Airport-Express-768x512.jpg 768w, https:\/\/czechrailwaytickets.com\/wp-content\/uploads\/2017\/12\/Prague-hlavn\u00ed-n\u00e1dra\u017e\u00ed-Airport-Express-1024x683.jpg 1024w, https:\/\/czechrailwaytickets.com\/wp-content\/uploads\/2017\/12\/Prague-hlavn\u00ed-n\u00e1dra\u017e\u00ed-Airport-Express-324x216.jpg 324w, https:\/\/czechrailwaytickets.com\/wp-content\/uploads\/2017\/12\/Prague-hlavn\u00ed-n\u00e1dra\u017e\u00ed-Airport-Express-416x277.jpg 416w\" sizes=\"auto, (max-width: 1500px) 100vw, 1500px\" \/><\/figure><\/li><\/ul><\/figure>\n","protected":false},"excerpt":{"rendered":"<p>Most journeys begin or end in Prague&#8217;s main railway station (hlavn\u00ed n\u00e1dra\u017e\u00ed) also abbreviated as hl.n. However, some train services call instead at Prague Hole\u0161ovice. Check your ticket and itinerary information to know which station you need to use.\u00a0 The two stations are just 5-6 minutes apart using Metro Line C (the red line on [&hellip;]<\/p>\n","protected":false},"author":1,"featured_media":0,"parent":0,"menu_order":0,"comment_status":"closed","ping_status":"closed","template":"","meta":{"footnotes":""},"class_list":["post-621","page","type-page","status-publish","hentry"],"yoast_head":"<!-- This site is optimized with the Yoast SEO plugin v27.4 - https:\/\/yoast.com\/product\/yoast-seo-wordpress\/ -->\n<title>Prague Stations - Prague Trains<\/title>\n<meta name=\"robots\" content=\"index, follow, max-snippet:-1, max-image-preview:large, max-video-preview:-1\" \/>\n<link rel=\"canonical\" href=\"https:\/\/czechrailwaytickets.com\/index.php\/prague-main-station\/\" \/>\n<meta property=\"og:locale\" content=\"en_GB\" \/>\n<meta property=\"og:type\" content=\"article\" \/>\n<meta property=\"og:title\" content=\"Prague Stations - Prague Trains\" \/>\n<meta property=\"og:description\" content=\"Most journeys begin or end in Prague&#8217;s main railway station (hlavn\u00ed n\u00e1dra\u017e\u00ed) also abbreviated as hl.n. However, some train services call instead at Prague Hole\u0161ovice. Check your ticket and itinerary information to know which station you need to use.\u00a0 The two stations are just 5-6 minutes apart using Metro Line C (the red line on [&hellip;]\" \/>\n<meta property=\"og:url\" content=\"https:\/\/czechrailwaytickets.com\/index.php\/prague-main-station\/\" \/>\n<meta property=\"og:site_name\" content=\"Prague Trains\" \/>\n<meta property=\"article:publisher\" content=\"https:\/\/www.facebook.com\/praguetrainsltd\/\" \/>\n<meta property=\"article:modified_time\" content=\"2021-09-06T18:53:42+00:00\" \/>\n<meta name=\"twitter:card\" content=\"summary_large_image\" \/>\n<meta name=\"twitter:label1\" content=\"Estimated reading time\" \/>\n\t<meta name=\"twitter:data1\" content=\"3 minutes\" \/>\n<script type=\"application\/ld+json\" class=\"yoast-schema-graph\">{\"@context\":\"https:\\\/\\\/schema.org\",\"@graph\":[{\"@type\":\"WebPage\",\"@id\":\"https:\\\/\\\/czechrailwaytickets.com\\\/index.php\\\/prague-main-station\\\/\",\"url\":\"https:\\\/\\\/czechrailwaytickets.com\\\/index.php\\\/prague-main-station\\\/\",\"name\":\"Prague Stations - Prague Trains\",\"isPartOf\":{\"@id\":\"https:\\\/\\\/czechrailwaytickets.com\\\/#website\"},\"datePublished\":\"2017-12-02T17:43:34+00:00\",\"dateModified\":\"2021-09-06T18:53:42+00:00\",\"breadcrumb\":{\"@id\":\"https:\\\/\\\/czechrailwaytickets.com\\\/index.php\\\/prague-main-station\\\/#breadcrumb\"},\"inLanguage\":\"en-GB\",\"potentialAction\":[{\"@type\":\"ReadAction\",\"target\":[\"https:\\\/\\\/czechrailwaytickets.com\\\/index.php\\\/prague-main-station\\\/\"]}]},{\"@type\":\"BreadcrumbList\",\"@id\":\"https:\\\/\\\/czechrailwaytickets.com\\\/index.php\\\/prague-main-station\\\/#breadcrumb\",\"itemListElement\":[{\"@type\":\"ListItem\",\"position\":1,\"name\":\"Home\",\"item\":\"https:\\\/\\\/czechrailwaytickets.com\\\/\"},{\"@type\":\"ListItem\",\"position\":2,\"name\":\"Prague Stations\"}]},{\"@type\":\"WebSite\",\"@id\":\"https:\\\/\\\/czechrailwaytickets.com\\\/#website\",\"url\":\"https:\\\/\\\/czechrailwaytickets.com\\\/\",\"name\":\"Prague Trains\",\"description\":\"Czech Train Tickets Online\",\"publisher\":{\"@id\":\"https:\\\/\\\/czechrailwaytickets.com\\\/#organization\"},\"potentialAction\":[{\"@type\":\"SearchAction\",\"target\":{\"@type\":\"EntryPoint\",\"urlTemplate\":\"https:\\\/\\\/czechrailwaytickets.com\\\/?s={search_term_string}\"},\"query-input\":{\"@type\":\"PropertyValueSpecification\",\"valueRequired\":true,\"valueName\":\"search_term_string\"}}],\"inLanguage\":\"en-GB\"},{\"@type\":\"Organization\",\"@id\":\"https:\\\/\\\/czechrailwaytickets.com\\\/#organization\",\"name\":\"Prague Trains\",\"url\":\"https:\\\/\\\/czechrailwaytickets.com\\\/\",\"logo\":{\"@type\":\"ImageObject\",\"inLanguage\":\"en-GB\",\"@id\":\"https:\\\/\\\/czechrailwaytickets.com\\\/#\\\/schema\\\/logo\\\/image\\\/\",\"url\":\"https:\\\/\\\/czechrailwaytickets.com\\\/wp-content\\\/uploads\\\/2017\\\/12\\\/Prague-Trains-Logo.png\",\"contentUrl\":\"https:\\\/\\\/czechrailwaytickets.com\\\/wp-content\\\/uploads\\\/2017\\\/12\\\/Prague-Trains-Logo.png\",\"width\":429,\"height\":101,\"caption\":\"Prague Trains\"},\"image\":{\"@id\":\"https:\\\/\\\/czechrailwaytickets.com\\\/#\\\/schema\\\/logo\\\/image\\\/\"},\"sameAs\":[\"https:\\\/\\\/www.facebook.com\\\/praguetrainsltd\\\/\"]}]}<\/script>\n<!-- \/ Yoast SEO plugin. -->","yoast_head_json":{"title":"Prague Stations - Prague Trains","robots":{"index":"index","follow":"follow","max-snippet":"max-snippet:-1","max-image-preview":"max-image-preview:large","max-video-preview":"max-video-preview:-1"},"canonical":"https:\/\/czechrailwaytickets.com\/index.php\/prague-main-station\/","og_locale":"en_GB","og_type":"article","og_title":"Prague Stations - Prague Trains","og_description":"Most journeys begin or end in Prague&#8217;s main railway station (hlavn\u00ed n\u00e1dra\u017e\u00ed) also abbreviated as hl.n. However, some train services call instead at Prague Hole\u0161ovice. Check your ticket and itinerary information to know which station you need to use.\u00a0 The two stations are just 5-6 minutes apart using Metro Line C (the red line on [&hellip;]","og_url":"https:\/\/czechrailwaytickets.com\/index.php\/prague-main-station\/","og_site_name":"Prague Trains","article_publisher":"https:\/\/www.facebook.com\/praguetrainsltd\/","article_modified_time":"2021-09-06T18:53:42+00:00","twitter_card":"summary_large_image","twitter_misc":{"Estimated reading time":"3 minutes"},"schema":{"@context":"https:\/\/schema.org","@graph":[{"@type":"WebPage","@id":"https:\/\/czechrailwaytickets.com\/index.php\/prague-main-station\/","url":"https:\/\/czechrailwaytickets.com\/index.php\/prague-main-station\/","name":"Prague Stations - Prague Trains","isPartOf":{"@id":"https:\/\/czechrailwaytickets.com\/#website"},"datePublished":"2017-12-02T17:43:34+00:00","dateModified":"2021-09-06T18:53:42+00:00","breadcrumb":{"@id":"https:\/\/czechrailwaytickets.com\/index.php\/prague-main-station\/#breadcrumb"},"inLanguage":"en-GB","potentialAction":[{"@type":"ReadAction","target":["https:\/\/czechrailwaytickets.com\/index.php\/prague-main-station\/"]}]},{"@type":"BreadcrumbList","@id":"https:\/\/czechrailwaytickets.com\/index.php\/prague-main-station\/#breadcrumb","itemListElement":[{"@type":"ListItem","position":1,"name":"Home","item":"https:\/\/czechrailwaytickets.com\/"},{"@type":"ListItem","position":2,"name":"Prague Stations"}]},{"@type":"WebSite","@id":"https:\/\/czechrailwaytickets.com\/#website","url":"https:\/\/czechrailwaytickets.com\/","name":"Prague Trains","description":"Czech Train Tickets Online","publisher":{"@id":"https:\/\/czechrailwaytickets.com\/#organization"},"potentialAction":[{"@type":"SearchAction","target":{"@type":"EntryPoint","urlTemplate":"https:\/\/czechrailwaytickets.com\/?s={search_term_string}"},"query-input":{"@type":"PropertyValueSpecification","valueRequired":true,"valueName":"search_term_string"}}],"inLanguage":"en-GB"},{"@type":"Organization","@id":"https:\/\/czechrailwaytickets.com\/#organization","name":"Prague Trains","url":"https:\/\/czechrailwaytickets.com\/","logo":{"@type":"ImageObject","inLanguage":"en-GB","@id":"https:\/\/czechrailwaytickets.com\/#\/schema\/logo\/image\/","url":"https:\/\/czechrailwaytickets.com\/wp-content\/uploads\/2017\/12\/Prague-Trains-Logo.png","contentUrl":"https:\/\/czechrailwaytickets.com\/wp-content\/uploads\/2017\/12\/Prague-Trains-Logo.png","width":429,"height":101,"caption":"Prague Trains"},"image":{"@id":"https:\/\/czechrailwaytickets.com\/#\/schema\/logo\/image\/"},"sameAs":["https:\/\/www.facebook.com\/praguetrainsltd\/"]}]}},"_links":{"self":[{"href":"https:\/\/czechrailwaytickets.com\/index.php\/wp-json\/wp\/v2\/pages\/621","targetHints":{"allow":["GET"]}}],"collection":[{"href":"https:\/\/czechrailwaytickets.com\/index.php\/wp-json\/wp\/v2\/pages"}],"about":[{"href":"https:\/\/czechrailwaytickets.com\/index.php\/wp-json\/wp\/v2\/types\/page"}],"author":[{"embeddable":true,"href":"https:\/\/czechrailwaytickets.com\/index.php\/wp-json\/wp\/v2\/users\/1"}],"replies":[{"embeddable":true,"href":"https:\/\/czechrailwaytickets.com\/index.php\/wp-json\/wp\/v2\/comments?post=621"}],"version-history":[{"count":0,"href":"https:\/\/czechrailwaytickets.com\/index.php\/wp-json\/wp\/v2\/pages\/621\/revisions"}],"wp:attachment":[{"href":"https:\/\/czechrailwaytickets.com\/index.php\/wp-json\/wp\/v2\/media?parent=621"}],"curies":[{"name":"wp","href":"https:\/\/api.w.org\/{rel}","templated":true}]}}