{"id":41573,"date":"2022-06-26T15:55:23","date_gmt":"2022-06-26T15:55:23","guid":{"rendered":"https:\/\/czechrailwaytickets.com\/?post_type=product&#038;p=41573"},"modified":"2025-11-02T17:57:38","modified_gmt":"2025-11-02T17:57:38","slug":"munich-to-prague-train-first-class-saver","status":"publish","type":"product","link":"https:\/\/czechrailwaytickets.com\/index.php\/product\/munich-to-prague-train-first-class-saver\/","title":{"rendered":"Munich to Prague Train &#8211; First Class Saver"},"content":{"rendered":"<ul>\n<li>Station Maps: <a href=\"https:\/\/czechrailwaytickets.com\/index.php\/munich-station\/\" target=\"_blank\" rel=\"noopener noreferrer\">Munich<\/a>, <a href=\"https:\/\/czechrailwaytickets.com\/index.php\/prague-main-station\/\" target=\"_blank\" rel=\"noopener noreferrer\">Prague<\/a><\/li>\n<li>Journey time: 5 hours 38 minutes<\/li>\n<li>Direct train, no changes<\/li>\n<li>Price includes allocated seating<\/li>\n<li>Only valid for the date and time booked<\/li>\n<li>Email delivery of ticket within one business day<\/li>\n<li>E-Ticket. Print at home or show on your device<\/li>\n<li>Lead Passenger must present the ticket on board together with matching ID<\/li>\n<li>Carrier: \u010cesk\u00e9 dr\u00e1hy, a.s.<\/li>\n<\/ul>\n","protected":false},"excerpt":{"rendered":"<p><strong><span style=\"color: #ff0000;\">Limited availability &#8211; Advance purchase only<br \/>\n<\/span><\/strong><\/p>\n<div class=\"wp-container-1 wp-block-buttons\">\n<div class=\"wp-block-button has-custom-font-size has-normal-font-size\"><a class=\"wp-block-button__link has-white-color has-black-background-color has-text-color has-background\" style=\"border-radius: 0px;\" href=\"#booking-form\">Booking Form<\/a><\/div>\n<p>&nbsp;<\/p>\n<h2>Book your Munich to Prague train tickets right here<\/h2>\n<p>Direct express trains speed you from city centre to city centre five hours 45 minutes. There is a departure every two hours throughout the day and every ticket we sell is direct, without changes or stopovers. Beware other suppliers that might be selling you a long, indirect route with changes or even a bus service!<\/p>\n<p>Our service is based on 100% e-ticketing and we sell worldwide. With us you won&#8217;t need to wait weeks for postal delivery, queue for a ticket machine or stand in line at the station ticket office. You can breeze directly onto the train!<\/p>\n<p>On board we have you covered with allocated\/reserved seating at no extra cost so you can be assured of sitting together. Every carriage is air-conditioned. For the ultimate in luxury, our 1st class tickets add wider seats and extra legroom.<\/p>\n<p>If you need to book a date beyond what the form currently displays register your details <a href=\"https:\/\/czechrailwaytickets.com\/index.php\/future-booking\/\" target=\"_blank\" rel=\"noopener noreferrer\">here<\/a> for our free ticket alert service.<\/p>\n<h2 id=\"booking-form\">Booking Form<\/h2>\n<p>Enter the number of passengers, choose a departure\/arrival time from the drop down menu and then click the required date in the calendar. Check the total cost and then click &#8216;Book now&#8217;.<\/p>\n","protected":false},"featured_media":104,"template":"","meta":[],"product_brand":[],"product_cat":[47,23,38],"product_tag":[76,68,69,70,71,72,73,74,61,62,63,64,65,66,67,75],"class_list":{"0":"post-41573","1":"product","2":"type-product","3":"status-publish","4":"has-post-thumbnail","6":"product_cat-germany","7":"product_cat-munich","8":"product_cat-prague-munich","9":"product_tag-alex","10":"product_tag-alx351","11":"product_tag-alx353","12":"product_tag-alx355","13":"product_tag-alx357","14":"product_tag-alx359","15":"product_tag-alx361","16":"product_tag-alx363","17":"product_tag-ex351","18":"product_tag-ex353","19":"product_tag-ex355","20":"product_tag-ex357","21":"product_tag-ex359","22":"product_tag-ex361","23":"product_tag-ex363","24":"product_tag-zapadni-expres","25":"product_shipping_class-eticket","27":"first","28":"instock","29":"featured","30":"sold-individually","31":"shipping-taxable","32":"purchasable","33":"product-type-booking"},"booking_location":"","booking_location_type":"","booking_duration":1,"booking_duration_unit":"day","booking_buffer":0,"booking_cost":0,"booking_resources":[11668,11669,11670,11671,11672,11673,11674],"exclude_global_add_ons":[],"addons":[],"yoast_head":"<!-- This site is optimized with the Yoast SEO plugin v27.3 - https:\/\/yoast.com\/product\/yoast-seo-wordpress\/ -->\n<title>Munich to Prague Train - First Class Saver Tickets Online - \u00a379.99 - Prague Trains<\/title>\n<meta name=\"description\" content=\"Book online today. Fully e-ticketed with allocated seats and a personalised covering note. Only the fastest, most direct route. Easy!\" \/>\n<meta name=\"robots\" content=\"index, follow, max-snippet:-1, max-image-preview:large, max-video-preview:-1\" \/>\n<link rel=\"canonical\" href=\"https:\/\/czechrailwaytickets.com\/index.php\/product\/munich-to-prague-train-first-class-saver\/\" \/>\n<meta property=\"og:locale\" content=\"en_GB\" \/>\n<meta property=\"og:type\" content=\"article\" \/>\n<meta property=\"og:title\" content=\"Munich to Prague Train - First Class Saver Tickets Online - \u00a379.99 - Prague Trains\" \/>\n<meta property=\"og:description\" content=\"Book online today. Fully e-ticketed with allocated seats and a personalised covering note. Only the fastest, most direct route. Easy!\" \/>\n<meta property=\"og:url\" content=\"https:\/\/czechrailwaytickets.com\/index.php\/product\/munich-to-prague-train-first-class-saver\/\" \/>\n<meta property=\"og:site_name\" content=\"Prague Trains\" \/>\n<meta property=\"article:publisher\" content=\"https:\/\/www.facebook.com\/praguetrainsltd\/\" \/>\n<meta property=\"article:modified_time\" content=\"2025-11-02T17:57:38+00:00\" \/>\n<meta property=\"og:image\" content=\"https:\/\/czechrailwaytickets.com\/wp-content\/uploads\/2017\/11\/shutterstock_1118905.jpg\" \/>\n\t<meta property=\"og:image:width\" content=\"1000\" \/>\n\t<meta property=\"og:image:height\" content=\"667\" \/>\n\t<meta property=\"og:image:type\" content=\"image\/jpeg\" \/>\n<meta name=\"twitter:card\" content=\"summary_large_image\" \/>\n<meta name=\"twitter:label1\" content=\"Estimated reading time\" \/>\n\t<meta name=\"twitter:data1\" content=\"1 minute\" \/>\n<script type=\"application\/ld+json\" class=\"yoast-schema-graph\">{\"@context\":\"https:\\\/\\\/schema.org\",\"@graph\":[{\"@type\":\"WebPage\",\"@id\":\"https:\\\/\\\/czechrailwaytickets.com\\\/index.php\\\/product\\\/munich-to-prague-train-first-class-saver\\\/\",\"url\":\"https:\\\/\\\/czechrailwaytickets.com\\\/index.php\\\/product\\\/munich-to-prague-train-first-class-saver\\\/\",\"name\":\"Munich to Prague Train - First Class Saver Tickets Online - \u00a379.99 - Prague Trains\",\"isPartOf\":{\"@id\":\"https:\\\/\\\/czechrailwaytickets.com\\\/#website\"},\"primaryImageOfPage\":{\"@id\":\"https:\\\/\\\/czechrailwaytickets.com\\\/index.php\\\/product\\\/munich-to-prague-train-first-class-saver\\\/#primaryimage\"},\"image\":{\"@id\":\"https:\\\/\\\/czechrailwaytickets.com\\\/index.php\\\/product\\\/munich-to-prague-train-first-class-saver\\\/#primaryimage\"},\"thumbnailUrl\":\"https:\\\/\\\/czechrailwaytickets.com\\\/wp-content\\\/uploads\\\/2017\\\/11\\\/shutterstock_1118905.jpg\",\"datePublished\":\"2022-06-26T15:55:23+00:00\",\"dateModified\":\"2025-11-02T17:57:38+00:00\",\"description\":\"Book online today. Fully e-ticketed with allocated seats and a personalised covering note. Only the fastest, most direct route. Easy!\",\"breadcrumb\":{\"@id\":\"https:\\\/\\\/czechrailwaytickets.com\\\/index.php\\\/product\\\/munich-to-prague-train-first-class-saver\\\/#breadcrumb\"},\"inLanguage\":\"en-GB\",\"potentialAction\":[{\"@type\":\"ReadAction\",\"target\":[\"https:\\\/\\\/czechrailwaytickets.com\\\/index.php\\\/product\\\/munich-to-prague-train-first-class-saver\\\/\"]}]},{\"@type\":\"ImageObject\",\"inLanguage\":\"en-GB\",\"@id\":\"https:\\\/\\\/czechrailwaytickets.com\\\/index.php\\\/product\\\/munich-to-prague-train-first-class-saver\\\/#primaryimage\",\"url\":\"https:\\\/\\\/czechrailwaytickets.com\\\/wp-content\\\/uploads\\\/2017\\\/11\\\/shutterstock_1118905.jpg\",\"contentUrl\":\"https:\\\/\\\/czechrailwaytickets.com\\\/wp-content\\\/uploads\\\/2017\\\/11\\\/shutterstock_1118905.jpg\",\"width\":1000,\"height\":667,\"caption\":\"Prague Castle, Prague, Czech Republic\"},{\"@type\":\"BreadcrumbList\",\"@id\":\"https:\\\/\\\/czechrailwaytickets.com\\\/index.php\\\/product\\\/munich-to-prague-train-first-class-saver\\\/#breadcrumb\",\"itemListElement\":[{\"@type\":\"ListItem\",\"position\":1,\"name\":\"Home\",\"item\":\"https:\\\/\\\/czechrailwaytickets.com\\\/\"},{\"@type\":\"ListItem\",\"position\":2,\"name\":\"Book Now\",\"item\":\"https:\\\/\\\/czechrailwaytickets.com\\\/\"},{\"@type\":\"ListItem\",\"position\":3,\"name\":\"Munich to Prague Train &#8211; First Class Saver\"}]},{\"@type\":\"WebSite\",\"@id\":\"https:\\\/\\\/czechrailwaytickets.com\\\/#website\",\"url\":\"https:\\\/\\\/czechrailwaytickets.com\\\/\",\"name\":\"Prague Trains\",\"description\":\"Czech Train Tickets Online\",\"publisher\":{\"@id\":\"https:\\\/\\\/czechrailwaytickets.com\\\/#organization\"},\"potentialAction\":[{\"@type\":\"SearchAction\",\"target\":{\"@type\":\"EntryPoint\",\"urlTemplate\":\"https:\\\/\\\/czechrailwaytickets.com\\\/?s={search_term_string}\"},\"query-input\":{\"@type\":\"PropertyValueSpecification\",\"valueRequired\":true,\"valueName\":\"search_term_string\"}}],\"inLanguage\":\"en-GB\"},{\"@type\":\"Organization\",\"@id\":\"https:\\\/\\\/czechrailwaytickets.com\\\/#organization\",\"name\":\"Prague Trains\",\"url\":\"https:\\\/\\\/czechrailwaytickets.com\\\/\",\"logo\":{\"@type\":\"ImageObject\",\"inLanguage\":\"en-GB\",\"@id\":\"https:\\\/\\\/czechrailwaytickets.com\\\/#\\\/schema\\\/logo\\\/image\\\/\",\"url\":\"https:\\\/\\\/czechrailwaytickets.com\\\/wp-content\\\/uploads\\\/2017\\\/12\\\/Prague-Trains-Logo.png\",\"contentUrl\":\"https:\\\/\\\/czechrailwaytickets.com\\\/wp-content\\\/uploads\\\/2017\\\/12\\\/Prague-Trains-Logo.png\",\"width\":429,\"height\":101,\"caption\":\"Prague Trains\"},\"image\":{\"@id\":\"https:\\\/\\\/czechrailwaytickets.com\\\/#\\\/schema\\\/logo\\\/image\\\/\"},\"sameAs\":[\"https:\\\/\\\/www.facebook.com\\\/praguetrainsltd\\\/\"]}]}<\/script>\n<!-- \/ Yoast SEO plugin. -->","yoast_head_json":{"title":"Munich to Prague Train - First Class Saver Tickets Online - \u00a379.99 - Prague Trains","description":"Book online today. Fully e-ticketed with allocated seats and a personalised covering note. Only the fastest, most direct route. Easy!","robots":{"index":"index","follow":"follow","max-snippet":"max-snippet:-1","max-image-preview":"max-image-preview:large","max-video-preview":"max-video-preview:-1"},"canonical":"https:\/\/czechrailwaytickets.com\/index.php\/product\/munich-to-prague-train-first-class-saver\/","og_locale":"en_GB","og_type":"article","og_title":"Munich to Prague Train - First Class Saver Tickets Online - \u00a379.99 - Prague Trains","og_description":"Book online today. Fully e-ticketed with allocated seats and a personalised covering note. Only the fastest, most direct route. Easy!","og_url":"https:\/\/czechrailwaytickets.com\/index.php\/product\/munich-to-prague-train-first-class-saver\/","og_site_name":"Prague Trains","article_publisher":"https:\/\/www.facebook.com\/praguetrainsltd\/","article_modified_time":"2025-11-02T17:57:38+00:00","og_image":[{"width":1000,"height":667,"url":"https:\/\/czechrailwaytickets.com\/wp-content\/uploads\/2017\/11\/shutterstock_1118905.jpg","type":"image\/jpeg"}],"twitter_card":"summary_large_image","twitter_misc":{"Estimated reading time":"1 minute"},"schema":{"@context":"https:\/\/schema.org","@graph":[{"@type":"WebPage","@id":"https:\/\/czechrailwaytickets.com\/index.php\/product\/munich-to-prague-train-first-class-saver\/","url":"https:\/\/czechrailwaytickets.com\/index.php\/product\/munich-to-prague-train-first-class-saver\/","name":"Munich to Prague Train - First Class Saver Tickets Online - \u00a379.99 - Prague Trains","isPartOf":{"@id":"https:\/\/czechrailwaytickets.com\/#website"},"primaryImageOfPage":{"@id":"https:\/\/czechrailwaytickets.com\/index.php\/product\/munich-to-prague-train-first-class-saver\/#primaryimage"},"image":{"@id":"https:\/\/czechrailwaytickets.com\/index.php\/product\/munich-to-prague-train-first-class-saver\/#primaryimage"},"thumbnailUrl":"https:\/\/czechrailwaytickets.com\/wp-content\/uploads\/2017\/11\/shutterstock_1118905.jpg","datePublished":"2022-06-26T15:55:23+00:00","dateModified":"2025-11-02T17:57:38+00:00","description":"Book online today. Fully e-ticketed with allocated seats and a personalised covering note. Only the fastest, most direct route. Easy!","breadcrumb":{"@id":"https:\/\/czechrailwaytickets.com\/index.php\/product\/munich-to-prague-train-first-class-saver\/#breadcrumb"},"inLanguage":"en-GB","potentialAction":[{"@type":"ReadAction","target":["https:\/\/czechrailwaytickets.com\/index.php\/product\/munich-to-prague-train-first-class-saver\/"]}]},{"@type":"ImageObject","inLanguage":"en-GB","@id":"https:\/\/czechrailwaytickets.com\/index.php\/product\/munich-to-prague-train-first-class-saver\/#primaryimage","url":"https:\/\/czechrailwaytickets.com\/wp-content\/uploads\/2017\/11\/shutterstock_1118905.jpg","contentUrl":"https:\/\/czechrailwaytickets.com\/wp-content\/uploads\/2017\/11\/shutterstock_1118905.jpg","width":1000,"height":667,"caption":"Prague Castle, Prague, Czech Republic"},{"@type":"BreadcrumbList","@id":"https:\/\/czechrailwaytickets.com\/index.php\/product\/munich-to-prague-train-first-class-saver\/#breadcrumb","itemListElement":[{"@type":"ListItem","position":1,"name":"Home","item":"https:\/\/czechrailwaytickets.com\/"},{"@type":"ListItem","position":2,"name":"Book Now","item":"https:\/\/czechrailwaytickets.com\/"},{"@type":"ListItem","position":3,"name":"Munich to Prague Train &#8211; First Class Saver"}]},{"@type":"WebSite","@id":"https:\/\/czechrailwaytickets.com\/#website","url":"https:\/\/czechrailwaytickets.com\/","name":"Prague Trains","description":"Czech Train Tickets Online","publisher":{"@id":"https:\/\/czechrailwaytickets.com\/#organization"},"potentialAction":[{"@type":"SearchAction","target":{"@type":"EntryPoint","urlTemplate":"https:\/\/czechrailwaytickets.com\/?s={search_term_string}"},"query-input":{"@type":"PropertyValueSpecification","valueRequired":true,"valueName":"search_term_string"}}],"inLanguage":"en-GB"},{"@type":"Organization","@id":"https:\/\/czechrailwaytickets.com\/#organization","name":"Prague Trains","url":"https:\/\/czechrailwaytickets.com\/","logo":{"@type":"ImageObject","inLanguage":"en-GB","@id":"https:\/\/czechrailwaytickets.com\/#\/schema\/logo\/image\/","url":"https:\/\/czechrailwaytickets.com\/wp-content\/uploads\/2017\/12\/Prague-Trains-Logo.png","contentUrl":"https:\/\/czechrailwaytickets.com\/wp-content\/uploads\/2017\/12\/Prague-Trains-Logo.png","width":429,"height":101,"caption":"Prague Trains"},"image":{"@id":"https:\/\/czechrailwaytickets.com\/#\/schema\/logo\/image\/"},"sameAs":["https:\/\/www.facebook.com\/praguetrainsltd\/"]}]}},"_links":{"self":[{"href":"https:\/\/czechrailwaytickets.com\/index.php\/wp-json\/wp\/v2\/product\/41573","targetHints":{"allow":["GET"]}}],"collection":[{"href":"https:\/\/czechrailwaytickets.com\/index.php\/wp-json\/wp\/v2\/product"}],"about":[{"href":"https:\/\/czechrailwaytickets.com\/index.php\/wp-json\/wp\/v2\/types\/product"}],"wp:featuredmedia":[{"embeddable":true,"href":"https:\/\/czechrailwaytickets.com\/index.php\/wp-json\/wp\/v2\/media\/104"}],"wp:attachment":[{"href":"https:\/\/czechrailwaytickets.com\/index.php\/wp-json\/wp\/v2\/media?parent=41573"}],"wp:term":[{"taxonomy":"product_brand","embeddable":true,"href":"https:\/\/czechrailwaytickets.com\/index.php\/wp-json\/wp\/v2\/product_brand?post=41573"},{"taxonomy":"product_cat","embeddable":true,"href":"https:\/\/czechrailwaytickets.com\/index.php\/wp-json\/wp\/v2\/product_cat?post=41573"},{"taxonomy":"product_tag","embeddable":true,"href":"https:\/\/czechrailwaytickets.com\/index.php\/wp-json\/wp\/v2\/product_tag?post=41573"}],"curies":[{"name":"wp","href":"https:\/\/api.w.org\/{rel}","templated":true}]}}