{"id":7376,"date":"2018-06-23T14:14:39","date_gmt":"2018-06-23T14:14:39","guid":{"rendered":"https:\/\/czechrailwaytickets.com\/?post_type=product&#038;p=7376"},"modified":"2025-11-02T16:55:30","modified_gmt":"2025-11-02T16:55:30","slug":"prague-to-budapest-train-second-class-saver","status":"publish","type":"product","link":"https:\/\/czechrailwaytickets.com\/index.php\/product\/prague-to-budapest-train-second-class-saver\/","title":{"rendered":"Prague to Budapest Train &#8211; Second Class Saver"},"content":{"rendered":"<ul>\n<li>Station Maps: <a href=\"https:\/\/czechrailwaytickets.com\/index.php\/prague-main-station\/\" target=\"_blank\" rel=\"noopener noreferrer\">Prague<\/a>, <a href=\"https:\/\/czechrailwaytickets.com\/index.php\/budapest-stations\/\" target=\"_blank\" rel=\"noopener noreferrer\">Budapest<\/a><\/li>\n<li>Journey time: 6 hours 46 minutes<\/li>\n<li>Direct train, no changes<\/li>\n<li>Price includes allocated seating<\/li>\n<li>Save up to 14% on the station ticket office price<\/li>\n<li>Only valid for the date and time booked<\/li>\n<li>Email delivery within one business day<\/li>\n<li>E-Ticket &#8211; Show on your mobile, tablet or laptop or print at home<\/li>\n<li>Lead Passenger must present the ticket on board together with matching ID<\/li>\n<li>Carrier: \u010cesk\u00e9 dr\u00e1hy, a.s.<\/li>\n<\/ul>\n","protected":false},"excerpt":{"rendered":"<p><strong><span style=\"color: #ff0000;\">Limited availability &#8211; Advance purchase only<br \/>\nConvenient eTicket &#8211; show on your device or print at home<br \/>\nDirect rail service &#8211; Fastest journey time<br \/>\nBest choice of departure times<br \/>\nSave up to 14% on the station ticket office price<\/span><\/strong><\/p>\n<div class=\"wp-container-1 wp-block-buttons\">\n<div class=\"wp-block-button has-custom-font-size has-normal-font-size\"><a class=\"wp-block-button__link has-white-color has-black-background-color has-text-color has-background\" style=\"border-radius: 0px;\" href=\"#booking-form\">Booking Form<\/a><\/div>\n<p>&nbsp;<\/p>\n<h2>Book your Prague to Budapest train tickets right here<\/h2>\n<p>EuroCity Metropolitan and Hungaria trains transport you comfortably from city centre to city centre in six and a half hours. There is a departure every two hours throughout the day and every ticket we sell is direct, without changes or stopovers.<\/p>\n<p>Our service is based on 100% e-ticketing, so you will not need to wait weeks for postal delivery of tickets, queue for a ticket machine or stand in line at the station ticket office. You can breeze directly onto the train!<\/p>\n<p>On board we have you covered with reserved seating at no extra cost so you can be assured of sitting together.\u00a0You can add up to five passengers to one ticket. If there are more than five people are travelling, just split them across two or more tickets or contact us about <a href=\"https:\/\/czechrailwaytickets.com\/index.php\/group-travel\/\">group travel<\/a>.<\/p>\n<p>Every carriage is air-conditioned and has 230 volt power sockets for your personal electronics. There is also a restaurant car serving drinks, snacks and hot food and a trolley service that delivers direct to your seat.<\/p>\n<p>If you need to book a date beyond what the form currently displays register your details <a href=\"https:\/\/czechrailwaytickets.com\/index.php\/future-booking\/\" target=\"_blank\" rel=\"noopener noreferrer\">here<\/a> for our free ticket alert service.<\/p>\n<h2 id=\"booking-form\">Booking Form<\/h2>\n<p>Enter the number of passengers, choose a departure\/arrival time from the drop down menu and then click the required date in the calendar. Check the total cost and then click &#8216;Book now&#8217;.<\/p>\n","protected":false},"featured_media":101,"template":"","meta":[],"product_brand":[],"product_cat":[39,19,40],"product_tag":[49,99,100,101,102,104,54],"class_list":{"0":"post-7376","1":"product","2":"type-product","3":"status-publish","4":"has-post-thumbnail","6":"product_cat-budapest","7":"product_cat-prague","8":"product_cat-prague-budapest","9":"product_tag-ec173-hungaria","10":"product_tag-ec273-metropolitan","11":"product_tag-ec275-metropolitan","12":"product_tag-ec277-metropolitan","13":"product_tag-ec279-metropolitan","14":"product_tag-ec281-metropolitan","15":"product_tag-eurocity","16":"product_shipping_class-eticket","18":"first","19":"instock","20":"featured","21":"sold-individually","22":"shipping-taxable","23":"purchasable","24":"product-type-booking"},"booking_location":"","booking_location_type":"","booking_duration":1,"booking_duration_unit":"day","booking_buffer":0,"booking_cost":0,"booking_resources":[11550,11551,11552,11553,43427,11555],"exclude_global_add_ons":[],"addons":[],"yoast_head":"<!-- This site is optimized with the Yoast SEO plugin v27.3 - https:\/\/yoast.com\/product\/yoast-seo-wordpress\/ -->\n<title>Prague to Budapest Train - Second Class Saver Tickets Online - \u00a359.99 - Prague Trains<\/title>\n<meta name=\"description\" content=\"Book online today. Fully e-ticketed with allocated seats and a personalised covering note. Only the fastest, most direct route. Easy!\" \/>\n<meta name=\"robots\" content=\"index, follow, max-snippet:-1, max-image-preview:large, max-video-preview:-1\" \/>\n<link rel=\"canonical\" href=\"https:\/\/czechrailwaytickets.com\/index.php\/product\/prague-to-budapest-train-second-class-saver\/\" \/>\n<meta property=\"og:locale\" content=\"en_GB\" \/>\n<meta property=\"og:type\" content=\"article\" \/>\n<meta property=\"og:title\" content=\"Prague to Budapest Train - Second Class Saver Tickets Online - \u00a359.99 - Prague Trains\" \/>\n<meta property=\"og:description\" content=\"Book online today. Fully e-ticketed with allocated seats and a personalised covering note. Only the fastest, most direct route. Easy!\" \/>\n<meta property=\"og:url\" content=\"https:\/\/czechrailwaytickets.com\/index.php\/product\/prague-to-budapest-train-second-class-saver\/\" \/>\n<meta property=\"og:site_name\" content=\"Prague Trains\" \/>\n<meta property=\"article:publisher\" content=\"https:\/\/www.facebook.com\/praguetrainsltd\/\" \/>\n<meta property=\"article:modified_time\" content=\"2025-11-02T16:55:30+00:00\" \/>\n<meta property=\"og:image\" content=\"https:\/\/czechrailwaytickets.com\/wp-content\/uploads\/2017\/11\/shutterstock_70315033.jpg\" \/>\n\t<meta property=\"og:image:width\" content=\"1000\" \/>\n\t<meta property=\"og:image:height\" content=\"667\" \/>\n\t<meta property=\"og:image:type\" content=\"image\/jpeg\" \/>\n<meta name=\"twitter:card\" content=\"summary_large_image\" \/>\n<meta name=\"twitter:label1\" content=\"Estimated reading time\" \/>\n\t<meta name=\"twitter:data1\" content=\"1 minute\" \/>\n<script type=\"application\/ld+json\" class=\"yoast-schema-graph\">{\"@context\":\"https:\\\/\\\/schema.org\",\"@graph\":[{\"@type\":\"WebPage\",\"@id\":\"https:\\\/\\\/czechrailwaytickets.com\\\/index.php\\\/product\\\/prague-to-budapest-train-second-class-saver\\\/\",\"url\":\"https:\\\/\\\/czechrailwaytickets.com\\\/index.php\\\/product\\\/prague-to-budapest-train-second-class-saver\\\/\",\"name\":\"Prague to Budapest Train - Second Class Saver Tickets Online - \u00a359.99 - Prague Trains\",\"isPartOf\":{\"@id\":\"https:\\\/\\\/czechrailwaytickets.com\\\/#website\"},\"primaryImageOfPage\":{\"@id\":\"https:\\\/\\\/czechrailwaytickets.com\\\/index.php\\\/product\\\/prague-to-budapest-train-second-class-saver\\\/#primaryimage\"},\"image\":{\"@id\":\"https:\\\/\\\/czechrailwaytickets.com\\\/index.php\\\/product\\\/prague-to-budapest-train-second-class-saver\\\/#primaryimage\"},\"thumbnailUrl\":\"https:\\\/\\\/czechrailwaytickets.com\\\/wp-content\\\/uploads\\\/2017\\\/11\\\/shutterstock_70315033.jpg\",\"datePublished\":\"2018-06-23T14:14:39+00:00\",\"dateModified\":\"2025-11-02T16:55:30+00:00\",\"description\":\"Book online today. Fully e-ticketed with allocated seats and a personalised covering note. Only the fastest, most direct route. Easy!\",\"breadcrumb\":{\"@id\":\"https:\\\/\\\/czechrailwaytickets.com\\\/index.php\\\/product\\\/prague-to-budapest-train-second-class-saver\\\/#breadcrumb\"},\"inLanguage\":\"en-GB\",\"potentialAction\":[{\"@type\":\"ReadAction\",\"target\":[\"https:\\\/\\\/czechrailwaytickets.com\\\/index.php\\\/product\\\/prague-to-budapest-train-second-class-saver\\\/\"]}]},{\"@type\":\"ImageObject\",\"inLanguage\":\"en-GB\",\"@id\":\"https:\\\/\\\/czechrailwaytickets.com\\\/index.php\\\/product\\\/prague-to-budapest-train-second-class-saver\\\/#primaryimage\",\"url\":\"https:\\\/\\\/czechrailwaytickets.com\\\/wp-content\\\/uploads\\\/2017\\\/11\\\/shutterstock_70315033.jpg\",\"contentUrl\":\"https:\\\/\\\/czechrailwaytickets.com\\\/wp-content\\\/uploads\\\/2017\\\/11\\\/shutterstock_70315033.jpg\",\"width\":1000,\"height\":667,\"caption\":\"Parliament, Budapest, Hungary\"},{\"@type\":\"BreadcrumbList\",\"@id\":\"https:\\\/\\\/czechrailwaytickets.com\\\/index.php\\\/product\\\/prague-to-budapest-train-second-class-saver\\\/#breadcrumb\",\"itemListElement\":[{\"@type\":\"ListItem\",\"position\":1,\"name\":\"Home\",\"item\":\"https:\\\/\\\/czechrailwaytickets.com\\\/\"},{\"@type\":\"ListItem\",\"position\":2,\"name\":\"Book Now\",\"item\":\"https:\\\/\\\/czechrailwaytickets.com\\\/\"},{\"@type\":\"ListItem\",\"position\":3,\"name\":\"Prague to Budapest Train &#8211; Second Class Saver\"}]},{\"@type\":\"WebSite\",\"@id\":\"https:\\\/\\\/czechrailwaytickets.com\\\/#website\",\"url\":\"https:\\\/\\\/czechrailwaytickets.com\\\/\",\"name\":\"Prague Trains\",\"description\":\"Czech Train Tickets Online\",\"publisher\":{\"@id\":\"https:\\\/\\\/czechrailwaytickets.com\\\/#organization\"},\"potentialAction\":[{\"@type\":\"SearchAction\",\"target\":{\"@type\":\"EntryPoint\",\"urlTemplate\":\"https:\\\/\\\/czechrailwaytickets.com\\\/?s={search_term_string}\"},\"query-input\":{\"@type\":\"PropertyValueSpecification\",\"valueRequired\":true,\"valueName\":\"search_term_string\"}}],\"inLanguage\":\"en-GB\"},{\"@type\":\"Organization\",\"@id\":\"https:\\\/\\\/czechrailwaytickets.com\\\/#organization\",\"name\":\"Prague Trains\",\"url\":\"https:\\\/\\\/czechrailwaytickets.com\\\/\",\"logo\":{\"@type\":\"ImageObject\",\"inLanguage\":\"en-GB\",\"@id\":\"https:\\\/\\\/czechrailwaytickets.com\\\/#\\\/schema\\\/logo\\\/image\\\/\",\"url\":\"https:\\\/\\\/czechrailwaytickets.com\\\/wp-content\\\/uploads\\\/2017\\\/12\\\/Prague-Trains-Logo.png\",\"contentUrl\":\"https:\\\/\\\/czechrailwaytickets.com\\\/wp-content\\\/uploads\\\/2017\\\/12\\\/Prague-Trains-Logo.png\",\"width\":429,\"height\":101,\"caption\":\"Prague Trains\"},\"image\":{\"@id\":\"https:\\\/\\\/czechrailwaytickets.com\\\/#\\\/schema\\\/logo\\\/image\\\/\"},\"sameAs\":[\"https:\\\/\\\/www.facebook.com\\\/praguetrainsltd\\\/\"]}]}<\/script>\n<!-- \/ Yoast SEO plugin. -->","yoast_head_json":{"title":"Prague to Budapest Train - Second Class Saver Tickets Online - \u00a359.99 - Prague Trains","description":"Book online today. Fully e-ticketed with allocated seats and a personalised covering note. Only the fastest, most direct route. Easy!","robots":{"index":"index","follow":"follow","max-snippet":"max-snippet:-1","max-image-preview":"max-image-preview:large","max-video-preview":"max-video-preview:-1"},"canonical":"https:\/\/czechrailwaytickets.com\/index.php\/product\/prague-to-budapest-train-second-class-saver\/","og_locale":"en_GB","og_type":"article","og_title":"Prague to Budapest Train - Second Class Saver Tickets Online - \u00a359.99 - Prague Trains","og_description":"Book online today. Fully e-ticketed with allocated seats and a personalised covering note. Only the fastest, most direct route. Easy!","og_url":"https:\/\/czechrailwaytickets.com\/index.php\/product\/prague-to-budapest-train-second-class-saver\/","og_site_name":"Prague Trains","article_publisher":"https:\/\/www.facebook.com\/praguetrainsltd\/","article_modified_time":"2025-11-02T16:55:30+00:00","og_image":[{"width":1000,"height":667,"url":"https:\/\/czechrailwaytickets.com\/wp-content\/uploads\/2017\/11\/shutterstock_70315033.jpg","type":"image\/jpeg"}],"twitter_card":"summary_large_image","twitter_misc":{"Estimated reading time":"1 minute"},"schema":{"@context":"https:\/\/schema.org","@graph":[{"@type":"WebPage","@id":"https:\/\/czechrailwaytickets.com\/index.php\/product\/prague-to-budapest-train-second-class-saver\/","url":"https:\/\/czechrailwaytickets.com\/index.php\/product\/prague-to-budapest-train-second-class-saver\/","name":"Prague to Budapest Train - Second Class Saver Tickets Online - \u00a359.99 - Prague Trains","isPartOf":{"@id":"https:\/\/czechrailwaytickets.com\/#website"},"primaryImageOfPage":{"@id":"https:\/\/czechrailwaytickets.com\/index.php\/product\/prague-to-budapest-train-second-class-saver\/#primaryimage"},"image":{"@id":"https:\/\/czechrailwaytickets.com\/index.php\/product\/prague-to-budapest-train-second-class-saver\/#primaryimage"},"thumbnailUrl":"https:\/\/czechrailwaytickets.com\/wp-content\/uploads\/2017\/11\/shutterstock_70315033.jpg","datePublished":"2018-06-23T14:14:39+00:00","dateModified":"2025-11-02T16:55:30+00:00","description":"Book online today. Fully e-ticketed with allocated seats and a personalised covering note. Only the fastest, most direct route. Easy!","breadcrumb":{"@id":"https:\/\/czechrailwaytickets.com\/index.php\/product\/prague-to-budapest-train-second-class-saver\/#breadcrumb"},"inLanguage":"en-GB","potentialAction":[{"@type":"ReadAction","target":["https:\/\/czechrailwaytickets.com\/index.php\/product\/prague-to-budapest-train-second-class-saver\/"]}]},{"@type":"ImageObject","inLanguage":"en-GB","@id":"https:\/\/czechrailwaytickets.com\/index.php\/product\/prague-to-budapest-train-second-class-saver\/#primaryimage","url":"https:\/\/czechrailwaytickets.com\/wp-content\/uploads\/2017\/11\/shutterstock_70315033.jpg","contentUrl":"https:\/\/czechrailwaytickets.com\/wp-content\/uploads\/2017\/11\/shutterstock_70315033.jpg","width":1000,"height":667,"caption":"Parliament, Budapest, Hungary"},{"@type":"BreadcrumbList","@id":"https:\/\/czechrailwaytickets.com\/index.php\/product\/prague-to-budapest-train-second-class-saver\/#breadcrumb","itemListElement":[{"@type":"ListItem","position":1,"name":"Home","item":"https:\/\/czechrailwaytickets.com\/"},{"@type":"ListItem","position":2,"name":"Book Now","item":"https:\/\/czechrailwaytickets.com\/"},{"@type":"ListItem","position":3,"name":"Prague to Budapest Train &#8211; Second Class Saver"}]},{"@type":"WebSite","@id":"https:\/\/czechrailwaytickets.com\/#website","url":"https:\/\/czechrailwaytickets.com\/","name":"Prague Trains","description":"Czech Train Tickets Online","publisher":{"@id":"https:\/\/czechrailwaytickets.com\/#organization"},"potentialAction":[{"@type":"SearchAction","target":{"@type":"EntryPoint","urlTemplate":"https:\/\/czechrailwaytickets.com\/?s={search_term_string}"},"query-input":{"@type":"PropertyValueSpecification","valueRequired":true,"valueName":"search_term_string"}}],"inLanguage":"en-GB"},{"@type":"Organization","@id":"https:\/\/czechrailwaytickets.com\/#organization","name":"Prague Trains","url":"https:\/\/czechrailwaytickets.com\/","logo":{"@type":"ImageObject","inLanguage":"en-GB","@id":"https:\/\/czechrailwaytickets.com\/#\/schema\/logo\/image\/","url":"https:\/\/czechrailwaytickets.com\/wp-content\/uploads\/2017\/12\/Prague-Trains-Logo.png","contentUrl":"https:\/\/czechrailwaytickets.com\/wp-content\/uploads\/2017\/12\/Prague-Trains-Logo.png","width":429,"height":101,"caption":"Prague Trains"},"image":{"@id":"https:\/\/czechrailwaytickets.com\/#\/schema\/logo\/image\/"},"sameAs":["https:\/\/www.facebook.com\/praguetrainsltd\/"]}]}},"_links":{"self":[{"href":"https:\/\/czechrailwaytickets.com\/index.php\/wp-json\/wp\/v2\/product\/7376","targetHints":{"allow":["GET"]}}],"collection":[{"href":"https:\/\/czechrailwaytickets.com\/index.php\/wp-json\/wp\/v2\/product"}],"about":[{"href":"https:\/\/czechrailwaytickets.com\/index.php\/wp-json\/wp\/v2\/types\/product"}],"wp:featuredmedia":[{"embeddable":true,"href":"https:\/\/czechrailwaytickets.com\/index.php\/wp-json\/wp\/v2\/media\/101"}],"wp:attachment":[{"href":"https:\/\/czechrailwaytickets.com\/index.php\/wp-json\/wp\/v2\/media?parent=7376"}],"wp:term":[{"taxonomy":"product_brand","embeddable":true,"href":"https:\/\/czechrailwaytickets.com\/index.php\/wp-json\/wp\/v2\/product_brand?post=7376"},{"taxonomy":"product_cat","embeddable":true,"href":"https:\/\/czechrailwaytickets.com\/index.php\/wp-json\/wp\/v2\/product_cat?post=7376"},{"taxonomy":"product_tag","embeddable":true,"href":"https:\/\/czechrailwaytickets.com\/index.php\/wp-json\/wp\/v2\/product_tag?post=7376"}],"curies":[{"name":"wp","href":"https:\/\/api.w.org\/{rel}","templated":true}]}}